{"id":773,"date":"2022-01-17T23:02:47","date_gmt":"2022-01-17T21:02:47","guid":{"rendered":"https:\/\/xn--amerikankpikettuterrieri-ybca20c.fi\/?page_id=773"},"modified":"2025-05-28T18:27:20","modified_gmt":"2025-05-28T16:27:20","slug":"namin-tarina","status":"publish","type":"page","link":"https:\/\/xn--amerikankpikettuterrieri-ybca20c.fi\/index.php\/namin-tarina\/","title":{"rendered":"Namin tarina"},"content":{"rendered":"\n<p class=\"has-black-color has-text-color\">Cavum Volpium Nami &#8221;Nami&#8221;<br>Syntym\u00e4aika: 25.8.2021<br>Kasvattaja: Cavum Volpium, Kirsi Rostamo<\/p>\n\n\n\n<p><mark style=\"background-color:rgba(0, 0, 0, 0)\" class=\"has-inline-color has-orange-color\"><strong>Omistajan kertomana:<\/strong><\/mark><\/p>\n\n\n\n<p class=\"has-black-color has-text-color\">Nami oppi todella nopeasti sis\u00e4siistiksi, noin 4,5 kuukauden ik\u00e4isen\u00e4. <\/p>\n\n\n\n<p class=\"has-black-color has-text-color\">Nami tykk\u00e4\u00e4 paljon kaikista ihmisist\u00e4 ja my\u00f6s toisista koirista. On l\u00e4htenyt rohkeasti tutustumaan my\u00f6s perheemme lampaisiin ja kanoihin. Nami ei ole haukkuherkk\u00e4.<\/p>\n\n\n\n<p class=\"has-black-color has-text-color\">Namin kanssa olemme aloittaneet pentukurssin ja siell\u00e4 harjoittelemme perusjuttuja, mutta hoksaa todella nopeasti jutun juonen, mit\u00e4 h\u00e4nelt\u00e4 halutaan. My\u00f6hemmin tarkoituksena olisi aloittaa Namin kanssa nose work ja kokeilla my\u00f6s rally tokoa. <\/p>\n\n\n\n<h4 class=\"wp-block-heading has-orange-color has-text-color\">Nami tykk\u00e4\u00e4 ruuasta ja mielell\u00e4\u00e4n retuuttaa kaikkia vinkuvia leluja. <\/h4>\n\n\n\n<p class=\"has-black-color has-text-color\">Kes\u00e4n tullen odotetaan innolla, ett\u00e4 alkaako saalistamaan hiiri\u00e4 ja rottia, koska niit\u00e4 meill\u00e4 riitt\u00e4\u00e4 kun maalla asutaan.<br><\/p>\n\n\n\n<p><br><\/p>\n\n\n\n<div class=\"wp-block-group is-layout-flow wp-block-group-is-layout-flow\">\n<figure class=\"wp-block-gallery aligncenter has-nested-images columns-default is-cropped wp-block-gallery-1 is-layout-flex wp-block-gallery-is-layout-flex\">\n<figure class=\"wp-block-image size-large\"><img loading=\"lazy\" decoding=\"async\" width=\"780\" height=\"740\" data-id=\"790\" src=\"https:\/\/xn--amerikankpikettuterrieri-ybca20c.fi\/wp-content\/uploads\/2022\/01\/IMG_20211024_141219_resized_20220117_101558490-1.jpg\" alt=\"\" class=\"wp-image-790\" srcset=\"https:\/\/xn--amerikankpikettuterrieri-ybca20c.fi\/wp-content\/uploads\/2022\/01\/IMG_20211024_141219_resized_20220117_101558490-1.jpg 780w, https:\/\/xn--amerikankpikettuterrieri-ybca20c.fi\/wp-content\/uploads\/2022\/01\/IMG_20211024_141219_resized_20220117_101558490-1-300x285.jpg 300w, https:\/\/xn--amerikankpikettuterrieri-ybca20c.fi\/wp-content\/uploads\/2022\/01\/IMG_20211024_141219_resized_20220117_101558490-1-768x729.jpg 768w\" sizes=\"auto, (max-width: 780px) 100vw, 780px\" \/><\/figure>\n\n\n\n<figure class=\"wp-block-image size-large\"><img loading=\"lazy\" decoding=\"async\" width=\"768\" height=\"1024\" data-id=\"791\" src=\"https:\/\/xn--amerikankpikettuterrieri-ybca20c.fi\/wp-content\/uploads\/2022\/01\/IMG_20220114_205601_resized_20220117_101558707-1-768x1024.jpg\" alt=\"\" class=\"wp-image-791\" srcset=\"https:\/\/xn--amerikankpikettuterrieri-ybca20c.fi\/wp-content\/uploads\/2022\/01\/IMG_20220114_205601_resized_20220117_101558707-1-768x1024.jpg 768w, https:\/\/xn--amerikankpikettuterrieri-ybca20c.fi\/wp-content\/uploads\/2022\/01\/IMG_20220114_205601_resized_20220117_101558707-1-225x300.jpg 225w, https:\/\/xn--amerikankpikettuterrieri-ybca20c.fi\/wp-content\/uploads\/2022\/01\/IMG_20220114_205601_resized_20220117_101558707-1.jpg 780w\" sizes=\"auto, (max-width: 768px) 100vw, 768px\" \/><\/figure>\n\n\n\n<figure class=\"wp-block-image size-large\"><img loading=\"lazy\" decoding=\"async\" width=\"717\" height=\"947\" data-id=\"837\" src=\"https:\/\/xn--amerikankpikettuterrieri-ybca20c.fi\/wp-content\/uploads\/2022\/01\/lampaat.jpg\" alt=\"\" class=\"wp-image-837\" srcset=\"https:\/\/xn--amerikankpikettuterrieri-ybca20c.fi\/wp-content\/uploads\/2022\/01\/lampaat.jpg 717w, https:\/\/xn--amerikankpikettuterrieri-ybca20c.fi\/wp-content\/uploads\/2022\/01\/lampaat-227x300.jpg 227w\" sizes=\"auto, (max-width: 717px) 100vw, 717px\" \/><\/figure>\n<\/figure>\n<\/div>\n\n\n\n<p><\/p>\n\n\n\n<p class=\"has-text-align-center has-black-color has-text-color\"> Kuvat ja teksti Tea Salo<\/p>\n","protected":false},"excerpt":{"rendered":"<p>Cavum Volpium Nami &#8221;Nami&#8221;Syntym\u00e4aika: 25.8.2021Kasvattaja: Cavum Volpium, Kirsi Rostamo Omistajan kertomana: Nami oppi todella nopeasti sis\u00e4siistiksi, noin 4,5 kuukauden ik\u00e4isen\u00e4. Nami tykk\u00e4\u00e4 paljon kaikista ihmisist\u00e4 ja my\u00f6s toisista koirista. On l\u00e4htenyt rohkeasti tutustumaan my\u00f6s perheemme lampaisiin ja kanoihin. Nami ei ole haukkuherkk\u00e4. Namin kanssa olemme aloittaneet pentukurssin ja siell\u00e4 harjoittelemme perusjuttuja, mutta hoksaa todella nopeasti [&hellip;]<\/p>\n","protected":false},"author":3,"featured_media":0,"parent":0,"menu_order":0,"comment_status":"closed","ping_status":"closed","template":"","meta":{"site-sidebar-layout":"default","site-content-layout":"","ast-site-content-layout":"default","site-content-style":"default","site-sidebar-style":"default","ast-global-header-display":"","ast-banner-title-visibility":"","ast-main-header-display":"","ast-hfb-above-header-display":"","ast-hfb-below-header-display":"","ast-hfb-mobile-header-display":"","site-post-title":"","ast-breadcrumbs-content":"","ast-featured-img":"","footer-sml-layout":"","theme-transparent-header-meta":"","adv-header-id-meta":"","stick-header-meta":"","header-above-stick-meta":"","header-main-stick-meta":"","header-below-stick-meta":"","astra-migrate-meta-layouts":"set","ast-page-background-enabled":"default","ast-page-background-meta":{"desktop":{"background-color":"var(--ast-global-color-4)","background-image":"","background-repeat":"repeat","background-position":"center center","background-size":"auto","background-attachment":"scroll","background-type":"","background-media":"","overlay-type":"","overlay-color":"","overlay-gradient":""},"tablet":{"background-color":"","background-image":"","background-repeat":"repeat","background-position":"center center","background-size":"auto","background-attachment":"scroll","background-type":"","background-media":"","overlay-type":"","overlay-color":"","overlay-gradient":""},"mobile":{"background-color":"","background-image":"","background-repeat":"repeat","background-position":"center center","background-size":"auto","background-attachment":"scroll","background-type":"","background-media":"","overlay-type":"","overlay-color":"","overlay-gradient":""}},"ast-content-background-meta":{"desktop":{"background-color":"var(--ast-global-color-5)","background-image":"","background-repeat":"repeat","background-position":"center center","background-size":"auto","background-attachment":"scroll","background-type":"","background-media":"","overlay-type":"","overlay-color":"","overlay-gradient":""},"tablet":{"background-color":"var(--ast-global-color-5)","background-image":"","background-repeat":"repeat","background-position":"center center","background-size":"auto","background-attachment":"scroll","background-type":"","background-media":"","overlay-type":"","overlay-color":"","overlay-gradient":""},"mobile":{"background-color":"var(--ast-global-color-5)","background-image":"","background-repeat":"repeat","background-position":"center center","background-size":"auto","background-attachment":"scroll","background-type":"","background-media":"","overlay-type":"","overlay-color":"","overlay-gradient":""}},"footnotes":""},"class_list":["post-773","page","type-page","status-publish","hentry"],"_links":{"self":[{"href":"https:\/\/xn--amerikankpikettuterrieri-ybca20c.fi\/index.php\/wp-json\/wp\/v2\/pages\/773","targetHints":{"allow":["GET"]}}],"collection":[{"href":"https:\/\/xn--amerikankpikettuterrieri-ybca20c.fi\/index.php\/wp-json\/wp\/v2\/pages"}],"about":[{"href":"https:\/\/xn--amerikankpikettuterrieri-ybca20c.fi\/index.php\/wp-json\/wp\/v2\/types\/page"}],"author":[{"embeddable":true,"href":"https:\/\/xn--amerikankpikettuterrieri-ybca20c.fi\/index.php\/wp-json\/wp\/v2\/users\/3"}],"replies":[{"embeddable":true,"href":"https:\/\/xn--amerikankpikettuterrieri-ybca20c.fi\/index.php\/wp-json\/wp\/v2\/comments?post=773"}],"version-history":[{"count":18,"href":"https:\/\/xn--amerikankpikettuterrieri-ybca20c.fi\/index.php\/wp-json\/wp\/v2\/pages\/773\/revisions"}],"predecessor-version":[{"id":1415,"href":"https:\/\/xn--amerikankpikettuterrieri-ybca20c.fi\/index.php\/wp-json\/wp\/v2\/pages\/773\/revisions\/1415"}],"wp:attachment":[{"href":"https:\/\/xn--amerikankpikettuterrieri-ybca20c.fi\/index.php\/wp-json\/wp\/v2\/media?parent=773"}],"curies":[{"name":"wp","href":"https:\/\/api.w.org\/{rel}","templated":true}]}}