{"id":697,"date":"2022-01-17T21:43:15","date_gmt":"2022-01-17T19:43:15","guid":{"rendered":"https:\/\/xn--amerikankpikettuterrieri-ybca20c.fi\/?page_id=697"},"modified":"2022-09-13T15:56:39","modified_gmt":"2022-09-13T13:56:39","slug":"historia","status":"publish","type":"page","link":"https:\/\/xn--amerikankpikettuterrieri-ybca20c.fi\/index.php\/historia\/","title":{"rendered":"Historia"},"content":{"rendered":"\n<h4 class=\"has-orange-color has-text-color wp-block-heading\" id=\"amerikankaapiokettuterrierin-historia-maailmalla\">Amerikank\u00e4\u00e4pi\u00f6kettuterrierin historia maailmalla<\/h4>\n\n\n\n<p class=\"has-black-color has-text-color\">Rodun alkuper\u00e4 on l\u00e4ht\u00f6isin Yhdysvalloista, sile\u00e4karvaisesta kettuterrierist\u00e4, jota k\u00e4ytettiin ketun mets\u00e4stykseen jo 1500-luvulla. United Kennel Club (UKC) aloitti kyseisen rodun rekister\u00f6innin vuonna 1912. Pienemm\u00e4t rotunsa edustajat rekister\u00f6itiin yhdess\u00e4 isompien yksil\u00f6iden kanssa, kunnes 1920-luvun puoliv\u00e4liss\u00e4 harrastajat l\u00e4hestyiv\u00e4t UKC:t\u00e4 tehd\u00e4kseen pienemmist\u00e4 koirista erillisen rodun, mik\u00e4 tapahtui lopulta vuonna 1936. Rotu rekister\u00f6itiin nimell\u00e4 Toy Fox Terrier. T\u00e4ll\u00e4 hetkell\u00e4 Toy Fox Terrierist\u00e4 k\u00e4ytet\u00e4\u00e4n useampia nimi\u00e4 kuten: American Toy Fox Terrier, Toy Fox ja Amertoy. Suomessa amerikank\u00e4\u00e4pi\u00f6kettuterrieri.<\/p>\n\n\n\n<p class=\"has-black-color has-text-color\">Rotu rekister\u00f6itiin useiden vuosien ajan vain United Kennel Clubissa (UKC) ja vuonna 2003 rodun tunnusti American Kennel Club (AKC).<\/p>\n\n\n\n<p class=\"has-black-color has-text-color\">Rotu on yksi suosituimmista roduista Yhdysvalloissa.<\/p>\n\n\n\n<p class=\"has-orange-color has-text-color\"><strong>American Kennel Clubin (AKC) virallisten tietojen mukaan Toy Fox Terrier eli amerikank\u00e4\u00e4pi\u00f6kettuterrieri on syntynyt, kun sile\u00e4karvaiset kettuterrierit risteytettiin chihuahuan, manchesterinterrierin, k\u00e4\u00e4pi\u00f6pinserin ja italianvinttikoirien kanssa.<\/strong><\/p>\n\n\n\n<p class=\"has-black-color has-text-color\">Ristiparittelu on kielletty 31.8.1960 alkaen.<\/p>\n\n\n\n<p class=\"has-black-color has-text-color\">Rodun risteytt\u00e4misen aikana kasvattajilla ei ollut rajoituksia v\u00e4ritykselle. Muutaman vuosikymmenen j\u00e4lkeen suuntaus oli kasvattaa kolmiv\u00e4risi\u00e4 koiria, joiden p\u00e4\u00e4 on musta, ruskein merkein, runko valkoisella pohjalla ja mustilla merkeill\u00e4 tai ilman niit\u00e4. T\u00e4m\u00e4 v\u00e4ri on edelleen suosituin kasvattajien keskuudessa t\u00e4h\u00e4n p\u00e4iv\u00e4\u00e4n asti, vaikka kolme muuta v\u00e4ri\u00e4 on virallisesti tunnustettu: valko-musta, valko-punaruskea sek\u00e4 valko-ruskea punaruskeilla merkeill\u00e4.<\/p>\n\n\n\n<p class=\"has-black-color has-text-color\">Sile\u00e4karvaisesta kettuterrierist\u00e4 amerikank\u00e4\u00e4pi\u00f6kettuterrierit peri riistaviettins\u00e4, mutta pienen kokonsa vuoksi ne voivat mets\u00e4st\u00e4\u00e4 onnistuneesti vain pieni\u00e4 jyrsij\u00f6it\u00e4 ja lintuja.<\/p>\n\n\n\n<p class=\"has-black-color has-text-color\">Yhdysvalloissa kyseist\u00e4 rotua k\u00e4ytettiin hyv\u00e4n koulutettavuuden vuoksi sirkusesityksiss\u00e4 ja ne matkustivat paljon ymp\u00e4ri maata.<br><\/p>\n\n\n\n<figure class=\"wp-block-gallery has-nested-images columns-default is-cropped wp-block-gallery-1 is-layout-flex wp-block-gallery-is-layout-flex\">\n<figure class=\"wp-block-image size-large\"><img loading=\"lazy\" decoding=\"async\" width=\"1024\" height=\"796\" data-id=\"731\" src=\"https:\/\/xn--amerikankpikettuterrieri-ybca20c.fi\/wp-content\/uploads\/2022\/01\/Screenshot_20220117-175759__01-1-1024x796.jpg\" alt=\"\" class=\"wp-image-731\" srcset=\"https:\/\/xn--amerikankpikettuterrieri-ybca20c.fi\/wp-content\/uploads\/2022\/01\/Screenshot_20220117-175759__01-1-1024x796.jpg 1024w, https:\/\/xn--amerikankpikettuterrieri-ybca20c.fi\/wp-content\/uploads\/2022\/01\/Screenshot_20220117-175759__01-1-300x233.jpg 300w, https:\/\/xn--amerikankpikettuterrieri-ybca20c.fi\/wp-content\/uploads\/2022\/01\/Screenshot_20220117-175759__01-1-768x597.jpg 768w, https:\/\/xn--amerikankpikettuterrieri-ybca20c.fi\/wp-content\/uploads\/2022\/01\/Screenshot_20220117-175759__01-1.jpg 1071w\" sizes=\"auto, (max-width: 1024px) 100vw, 1024px\" \/><\/figure>\n\n\n\n<figure class=\"wp-block-image size-large\"><img loading=\"lazy\" decoding=\"async\" width=\"1024\" height=\"681\" data-id=\"733\" src=\"https:\/\/xn--amerikankpikettuterrieri-ybca20c.fi\/wp-content\/uploads\/2022\/01\/Screenshot_20220117-175751__01-1-1024x681.jpg\" alt=\"\" class=\"wp-image-733\" srcset=\"https:\/\/xn--amerikankpikettuterrieri-ybca20c.fi\/wp-content\/uploads\/2022\/01\/Screenshot_20220117-175751__01-1-1024x681.jpg 1024w, https:\/\/xn--amerikankpikettuterrieri-ybca20c.fi\/wp-content\/uploads\/2022\/01\/Screenshot_20220117-175751__01-1-300x200.jpg 300w, https:\/\/xn--amerikankpikettuterrieri-ybca20c.fi\/wp-content\/uploads\/2022\/01\/Screenshot_20220117-175751__01-1-768x511.jpg 768w, https:\/\/xn--amerikankpikettuterrieri-ybca20c.fi\/wp-content\/uploads\/2022\/01\/Screenshot_20220117-175751__01-1.jpg 1076w\" sizes=\"auto, (max-width: 1024px) 100vw, 1024px\" \/><\/figure>\n<\/figure>\n\n\n\n<p><\/p>\n\n\n\n<h4 class=\"has-orange-color has-text-color wp-block-heading\" id=\"amerikankaapiokettuterrierin-historia-suomessa\">Amerikank\u00e4\u00e4pi\u00f6kettuterrierin historia Suomessa<\/h4>\n\n\n\n<p class=\"has-black-color has-text-color\">L\u00f6ysin aikoinaan Maailman koirat -kirjasta kuvan amerikank\u00e4\u00e4pi\u00f6terrierist\u00e4 (nyt Suomessa rotu on amerikank\u00e4\u00e4pi\u00f6kettuterrieri). Ihastuin rotuun ja p\u00e4\u00e4tin hankkia sellaisen itselleni. Helpommin sanottu kuin tehty, sill\u00e4 oli vuoden 1999-2000 vaihde. Minulle selvisi, ett\u00e4 Suomeen oli aiemmin tullut kaksi rodun edustajaa Australiasta ja saaneet Suomessa yhden pentueen, eik\u00e4 uusia pentuja ollut tulossa. Katseet kohdistuivat siis rodun alkuper\u00e4maahan Yhdysvaltoihin.<br><br>L\u00f6ysin henkil\u00f6n, joka auttaisi minua tuomaan koiran Yhdysvalloista Suomeen ja alkoi etsint\u00e4 kasvattajista. Sopiva kasvattaja l\u00f6ytyi, mutta h\u00e4n ei halunnut l\u00e4hett\u00e4\u00e4 pentua, vaan se olisi pit\u00e4nyt hakea. Toiselta kasvattajalta l\u00f6ytyi pentuja, mutta yhdell\u00e4 koiralla en kasvatusty\u00f6ss\u00e4 olisi mennyt eteenp\u00e4in, joten hankin siis erisukuiset uros- ja narttupennun samalla. Koirat saapuivat Yhdysvalloista Suomeen maaliskuussa 2001 ja ovat todenn\u00e4k\u00f6isesti ensimm\u00e4iset puhdasrotuiset amerikank\u00e4\u00e4pi\u00f6kettuterrierit Suomessa, Mignet Elvira Of Phoenix &#8220;Elli&#8221; ja Mignet Extempore Of Phoenix &#8220;Eppu&#8221;. Ensimm\u00e4inen pentue Ellille ja Epulle syntyi vuoden 2002 lopulla. Eppu oli sijoituksessa Helsingiss\u00e4 ja Elli l\u00e4hti viett\u00e4m\u00e4\u00e4n el\u00e4kep\u00e4ivi\u00e4\u00e4n Haminaan vuonna 2007.<\/p>\n\n\n\n<p class=\"has-black-color has-text-color\">N\u00e4lk\u00e4 kasvoi sy\u00f6dess\u00e4 ja 2002 tuli viel\u00e4 yksi urospentu samasta kennelist\u00e4, Mignet Nicky Of Phoenix &#8220;Niki&#8221;, jolla valitettavasti todettiin patellaluksaatio ja molemmat polvet olivat 1\/1. Niki sai Ellin kanssa kuitenkin yhden pentueen, mutta j\u00e4i pois jalostuksesta, sill\u00e4 valitettavasti patellaluksaatio periytyi osalle pennuista. T\u00e4m\u00e4 pentue syntyi vuoden 2004 lopulla.<\/p>\n\n\n\n<p class=\"has-black-color has-text-color\">Vuonna 2004 tuli viel\u00e4 kaksi koiraa: Amch Dragon Heart Foxhill Rampage ja Amch Aristos Shania Come On Over, jotka saivat yhdess\u00e4 vain yhden pennun, jolla oli molemmat, sek\u00e4 polvi- ja lonkkavika. Pentu syntyi 5.4.2006. Siihen valitettavasti loppui minun amerikank\u00e4\u00e4pi\u00f6kettuterrierin kasvatus, sill\u00e4 en halunnut ottaa enemp\u00e4\u00e4 riskej\u00e4 rodun terveyden suhteen. Mignet oli minulla harkinnassa omaksi kennelnimeksi, johon sitten lis\u00e4sin p\u00e4\u00e4tteen &#8216;in. Amerikank\u00e4\u00e4pi\u00f6kettuterrieri on aivan ihana rotu ja tykk\u00e4\u00e4n rodusta edelleen, vaikka en sit\u00e4 en\u00e4\u00e4 kasvatakaan. Kasvattamista oli vaikeaa aloittaa tuolloin, sill\u00e4 rotua ei ollut viel\u00e4 Suomessa ollenkaan. Nyt Suomestakin l\u00f6ytyy muutamia kasvattajia.<\/p>\n\n\n\n<p class=\"has-black-color has-text-color\"><em>Teksti:<br>Lea Ellen Pirkkalainen<br>Kennel Mignet&#8217;in<\/em><\/p>\n","protected":false},"excerpt":{"rendered":"<p>Amerikank\u00e4\u00e4pi\u00f6kettuterrierin historia maailmalla Rodun alkuper\u00e4 on l\u00e4ht\u00f6isin Yhdysvalloista, sile\u00e4karvaisesta kettuterrierist\u00e4, jota k\u00e4ytettiin ketun mets\u00e4stykseen jo 1500-luvulla. United Kennel Club (UKC) aloitti kyseisen rodun rekister\u00f6innin vuonna 1912. Pienemm\u00e4t rotunsa edustajat rekister\u00f6itiin yhdess\u00e4 isompien yksil\u00f6iden kanssa, kunnes 1920-luvun puoliv\u00e4liss\u00e4 harrastajat l\u00e4hestyiv\u00e4t UKC:t\u00e4 tehd\u00e4kseen pienemmist\u00e4 koirista erillisen rodun, mik\u00e4 tapahtui lopulta vuonna 1936. Rotu rekister\u00f6itiin nimell\u00e4 Toy Fox [&hellip;]<\/p>\n","protected":false},"author":3,"featured_media":0,"parent":0,"menu_order":0,"comment_status":"closed","ping_status":"closed","template":"","meta":{"site-sidebar-layout":"default","site-content-layout":"","ast-site-content-layout":"default","site-content-style":"default","site-sidebar-style":"default","ast-global-header-display":"","ast-banner-title-visibility":"","ast-main-header-display":"","ast-hfb-above-header-display":"","ast-hfb-below-header-display":"","ast-hfb-mobile-header-display":"","site-post-title":"","ast-breadcrumbs-content":"","ast-featured-img":"","footer-sml-layout":"","theme-transparent-header-meta":"","adv-header-id-meta":"","stick-header-meta":"","header-above-stick-meta":"","header-main-stick-meta":"","header-below-stick-meta":"","astra-migrate-meta-layouts":"default","ast-page-background-enabled":"default","ast-page-background-meta":{"desktop":{"background-color":"var(--ast-global-color-4)","background-image":"","background-repeat":"repeat","background-position":"center center","background-size":"auto","background-attachment":"scroll","background-type":"","background-media":"","overlay-type":"","overlay-color":"","overlay-opacity":"","overlay-gradient":""},"tablet":{"background-color":"","background-image":"","background-repeat":"repeat","background-position":"center center","background-size":"auto","background-attachment":"scroll","background-type":"","background-media":"","overlay-type":"","overlay-color":"","overlay-opacity":"","overlay-gradient":""},"mobile":{"background-color":"","background-image":"","background-repeat":"repeat","background-position":"center center","background-size":"auto","background-attachment":"scroll","background-type":"","background-media":"","overlay-type":"","overlay-color":"","overlay-opacity":"","overlay-gradient":""}},"ast-content-background-meta":{"desktop":{"background-color":"var(--ast-global-color-5)","background-image":"","background-repeat":"repeat","background-position":"center center","background-size":"auto","background-attachment":"scroll","background-type":"","background-media":"","overlay-type":"","overlay-color":"","overlay-opacity":"","overlay-gradient":""},"tablet":{"background-color":"var(--ast-global-color-5)","background-image":"","background-repeat":"repeat","background-position":"center center","background-size":"auto","background-attachment":"scroll","background-type":"","background-media":"","overlay-type":"","overlay-color":"","overlay-opacity":"","overlay-gradient":""},"mobile":{"background-color":"var(--ast-global-color-5)","background-image":"","background-repeat":"repeat","background-position":"center center","background-size":"auto","background-attachment":"scroll","background-type":"","background-media":"","overlay-type":"","overlay-color":"","overlay-opacity":"","overlay-gradient":""}},"footnotes":""},"class_list":["post-697","page","type-page","status-publish","hentry"],"_links":{"self":[{"href":"https:\/\/xn--amerikankpikettuterrieri-ybca20c.fi\/index.php\/wp-json\/wp\/v2\/pages\/697","targetHints":{"allow":["GET"]}}],"collection":[{"href":"https:\/\/xn--amerikankpikettuterrieri-ybca20c.fi\/index.php\/wp-json\/wp\/v2\/pages"}],"about":[{"href":"https:\/\/xn--amerikankpikettuterrieri-ybca20c.fi\/index.php\/wp-json\/wp\/v2\/types\/page"}],"author":[{"embeddable":true,"href":"https:\/\/xn--amerikankpikettuterrieri-ybca20c.fi\/index.php\/wp-json\/wp\/v2\/users\/3"}],"replies":[{"embeddable":true,"href":"https:\/\/xn--amerikankpikettuterrieri-ybca20c.fi\/index.php\/wp-json\/wp\/v2\/comments?post=697"}],"version-history":[{"count":27,"href":"https:\/\/xn--amerikankpikettuterrieri-ybca20c.fi\/index.php\/wp-json\/wp\/v2\/pages\/697\/revisions"}],"predecessor-version":[{"id":1202,"href":"https:\/\/xn--amerikankpikettuterrieri-ybca20c.fi\/index.php\/wp-json\/wp\/v2\/pages\/697\/revisions\/1202"}],"wp:attachment":[{"href":"https:\/\/xn--amerikankpikettuterrieri-ybca20c.fi\/index.php\/wp-json\/wp\/v2\/media?parent=697"}],"curies":[{"name":"wp","href":"https:\/\/api.w.org\/{rel}","templated":true}]}}