{"id":350,"date":"2022-01-15T17:47:27","date_gmt":"2022-01-15T17:47:27","guid":{"rendered":"https:\/\/xn--amerikankpikettuterrieri-ybca20c.fi\/?page_id=350"},"modified":"2026-01-24T13:56:44","modified_gmt":"2026-01-24T11:56:44","slug":"koiran-rekisterointi","status":"publish","type":"page","link":"https:\/\/xn--amerikankpikettuterrieri-ybca20c.fi\/index.php\/koiran-rekisterointi\/","title":{"rendered":"Amerikank\u00e4\u00e4pi\u00f6kettuterrierin rekister\u00f6inti"},"content":{"rendered":"\n<figure class=\"wp-block-gallery has-nested-images columns-default is-cropped wp-block-gallery-1 is-layout-flex wp-block-gallery-is-layout-flex\">\n<figure class=\"wp-block-image size-large\"><img loading=\"lazy\" decoding=\"async\" width=\"900\" height=\"675\" data-id=\"614\" src=\"https:\/\/xn--amerikankpikettuterrieri-ybca20c.fi\/wp-content\/uploads\/2022\/01\/Resizer_16422118256460.jpg\" alt=\"\" class=\"wp-image-614\" srcset=\"https:\/\/xn--amerikankpikettuterrieri-ybca20c.fi\/wp-content\/uploads\/2022\/01\/Resizer_16422118256460.jpg 900w, https:\/\/xn--amerikankpikettuterrieri-ybca20c.fi\/wp-content\/uploads\/2022\/01\/Resizer_16422118256460-300x225.jpg 300w, https:\/\/xn--amerikankpikettuterrieri-ybca20c.fi\/wp-content\/uploads\/2022\/01\/Resizer_16422118256460-768x576.jpg 768w\" sizes=\"auto, (max-width: 900px) 100vw, 900px\" \/><\/figure>\n\n\n\n<figure class=\"wp-block-image size-large\"><img loading=\"lazy\" decoding=\"async\" width=\"960\" height=\"665\" data-id=\"615\" src=\"https:\/\/xn--amerikankpikettuterrieri-ybca20c.fi\/wp-content\/uploads\/2022\/01\/Resizer_16422917075651.jpg\" alt=\"\" class=\"wp-image-615\" srcset=\"https:\/\/xn--amerikankpikettuterrieri-ybca20c.fi\/wp-content\/uploads\/2022\/01\/Resizer_16422917075651.jpg 960w, https:\/\/xn--amerikankpikettuterrieri-ybca20c.fi\/wp-content\/uploads\/2022\/01\/Resizer_16422917075651-300x208.jpg 300w, https:\/\/xn--amerikankpikettuterrieri-ybca20c.fi\/wp-content\/uploads\/2022\/01\/Resizer_16422917075651-768x532.jpg 768w\" sizes=\"auto, (max-width: 960px) 100vw, 960px\" \/><\/figure>\n<figcaption class=\"blocks-gallery-caption wp-element-caption\">Kuvat \u00a9 Anu-Johanna Pihkanen<\/figcaption><\/figure>\n\n\n\n<p><\/p>\n\n\n\n<p><\/p>\n\n\n\n<p class=\"has-black-color has-text-color\">Amerikank\u00e4\u00e4pi\u00f6kettuterrieri rekister\u00f6id\u00e4\u00e4n Suomen Kennelliittoon, joka otti ro<mark style=\"background-color:rgba(0, 0, 0, 0)\" class=\"has-inline-color has-black-color\">dun omaan ER lis\u00e4rekisteriins\u00e4 30.6.2010.<\/mark> Rotu ei ole viel\u00e4 FCI:n (F\u00e9d\u00e9ration Cynologique Internationale) virallinen rotu.<\/p>\n\n\n\n<p class=\"has-black-color has-text-color\"><mark style=\"background-color:rgba(0, 0, 0, 0)\" class=\"has-inline-color has-black-color\">American Kennel Clubissa (AKC) rotu on ollut virallisesti hyv\u00e4ksytty vuodesta 2003. Sit\u00e4 ennen amerikank\u00e4\u00e4pi\u00f6kettuterrierit on rekister\u00f6ity vain United Kennel Clubiin (UKC), jo vuodesta 1936 alkaen. American Kennel Club on kattoj\u00e4rjest\u00f6 ja FCI:n alainen j\u00e4rjest\u00f6, kuten Suomessa on Suomen Kennelliito (SKL).  Tuontikoiran pennut saa rekister\u00f6ity\u00e4 Suomen Kennelliittoon, mik\u00e4li koira on l\u00e4ht\u00f6maassaan FCI:n alaisen liiton rekisteriss\u00e4.<\/mark><\/p>\n\n\n\n<p class=\"has-black-color has-text-color\">UKC rekister\u00f6idyn koiran voi ja kannattaakin rekister\u00f6id\u00e4 Suomen Kennelliittoon, esimerkiksi katoamistilanteiden varalta koira on mahdollista tunnistaa. Erona rekister\u00f6inniss\u00e4 on, ett\u00e4 UKC rekister\u00f6ity koira katsotaan sekarotuiseksi, eli se rekister\u00f6id\u00e4\u00e4n Kennelliiton FIX-rekisteriin.<\/p>\n\n\n\n<p class=\"has-black-color has-text-color\">Lis\u00e4\u00e4 FIX-rekister\u00f6innist\u00e4 l\u00f6yd\u00e4t <a rel=\"noreferrer noopener\" href=\"https:\/\/www.kennelliitto.fi\/koiran-omistaminen\/koiran-rekisterointi\/monirotuinen-tai-rekisteroimaton-koira\" data-type=\"URL\" data-id=\"https:\/\/www.kennelliitto.fi\/koiran-omistaminen\/koiran-rekisterointi\/monirotuinen-tai-rekisteroimaton-koira\" target=\"_blank\"><span class=\"has-inline-color has-orange-color\">Kennelliiton sivuilta.<\/span><\/a><\/p>\n\n\n\n<p class=\"has-black-color has-text-color\"><mark style=\"background-color:rgba(0, 0, 0, 0)\" class=\"has-inline-color has-black-color\">Yhdysvalloissa useat koirat ovat t\u00e4n\u00e4 p\u00e4iv\u00e4n\u00e4 kaksoisrekister\u00f6ityj\u00e4, UKC &amp; AKC.<\/mark> <mark style=\"background-color:rgba(0, 0, 0, 0)\" class=\"has-inline-color has-black-color\">Suomessa on totuttu siihen, ett\u00e4 on vain yksi virallinen rekisteri ja se on Suomen Kennelliitto. Monissa maissa on useita eri mahdollisuuksia, esimerkiksi naapurimaassa Ven\u00e4j\u00e4ll\u00e4 l\u00f6ytyy rekisterikirjoa, mutta siell\u00e4kin Russian Kennel Federation (RKF) on se FCI:n alainen j\u00e4rjest\u00f6. Suomen Kennelliitto tarjoaa kasvattajilleen, kuin my\u00f6s rekisteriins\u00e4 kuuluvien koirien omistajille parhaat edut kynologiselta kannalta katsottuna: On tilastoituja terveystutkimuksia, ns. laatustandardeja ja jopa vaatimuksia. My\u00f6s velvollisuuksia ja vastuita, kuten rekister\u00f6innit yksil\u00f6kohtaisine tietoineen julkisesti n\u00e4kyvill\u00e4.<\/mark><\/p>\n\n\n\n<h4 class=\"wp-block-heading has-orange-color has-text-color\">Suomen Kennelliittoon on rekister\u00f6ity yhteens\u00e4 170 amerikank\u00e4\u00e4pi\u00f6kettuterrieri\u00e4.<\/h4>\n\n\n\n<p><mark style=\"background-color:rgba(0, 0, 0, 0)\" class=\"has-inline-color has-black-color\">Rotu kuuluu FCI:n ryhm\u00e4\u00e4n 3 &#8211; Terrierit. Roturyhm\u00e4\u00e4n kuuluu kaikkiaan 36 rotua, joista 23 rodun rotuj\u00e4rjest\u00f6 on <a href=\"https:\/\/www.terrierijarjesto.fi\/\">Suomen Terrierij\u00e4rjest\u00f6<\/a>. Kyseinen j\u00e4rjest\u00f6 on my\u00f6s amerikank\u00e4\u00e4pi\u00f6kettuterrierin virallinen rotuj\u00e4rjest\u00f6.<\/mark><\/p>\n\n\n\n<p class=\"has-black-color has-text-color\"><mark style=\"background-color:rgba(0, 0, 0, 0)\" class=\"has-inline-color has-black-color\">Suomessa UKC:n rekister\u00f6idyt koirat eiv\u00e4t p\u00e4\u00e4se osallistumaan n\u00e4yttelyihin ja osaan muista kilpailumuodoista, sill\u00e4 suurin osa tapahtumista on Suomen Kennelliiton ja sit\u00e4 kautta FCI:n alaisia. <\/mark><\/p>\n\n\n\n<p class=\"has-black-color has-text-color\"><mark style=\"background-color:rgba(0, 0, 0, 0)\" class=\"has-inline-color has-black-color\">Amerikank\u00e4\u00e4pi\u00f6kettuterrieri on FCI:ss\u00e4 koeajalla, mik\u00e4 k\u00e4yt\u00e4nn\u00f6ss\u00e4 tarkoittaa sit\u00e4, ettei rotu vastaanota n\u00e4yttelyiss\u00e4 viel\u00e4 kansainv\u00e4lisi\u00e4 sertifikaatteja (cacib) ja kansainv\u00e4lisiss\u00e4 n\u00e4yttelyiss\u00e4 rotu ei my\u00f6sk\u00e4\u00e4n osallistu ryhm\u00e4keh\u00e4\u00e4n. Kansallisia sertifikaatteja rotu vastaanottaa normaalisti, kuten my\u00f6s Nord-sertej\u00e4. <\/mark><\/p>\n\n\n\n<p><mark style=\"background-color:rgba(0, 0, 0, 0)\" class=\"has-inline-color has-black-color\">Lis\u00e4tietoja koiran rekister\u00f6innist\u00e4 l\u00f6ytyy <a href=\"https:\/\/www.kennelliitto.fi\/koiran-omistaminen\/koiran-rekisterointi\" data-type=\"URL\" data-id=\"https:\/\/www.kennelliitto.fi\/koiran-omistaminen\/koiran-rekisterointi\" target=\"_blank\" rel=\"noreferrer noopener\">Suomen Kennelliiton sivuilta.<\/a><\/mark><\/p>\n\n\n\n<h5 class=\"wp-block-heading\"><strong>Huomioithan, ett\u00e4 koirasi tulee nyky\u00e4\u00e4n rekister\u00f6id\u00e4 my\u00f6s Ruokaviraston yll\u00e4pit\u00e4m\u00e4\u00e4n <a rel=\"noreferrer noopener\" href=\"https:\/\/koira.lemmikkielainrekisteri.fi\/\" target=\"_blank\">koirarekisteriin!<\/a><\/strong><\/h5>\n","protected":false},"excerpt":{"rendered":"<p>Amerikank\u00e4\u00e4pi\u00f6kettuterrieri rekister\u00f6id\u00e4\u00e4n Suomen Kennelliittoon, joka otti rodun omaan ER lis\u00e4rekisteriins\u00e4 30.6.2010. Rotu ei ole viel\u00e4 FCI:n (F\u00e9d\u00e9ration Cynologique Internationale) virallinen rotu. American Kennel Clubissa (AKC) rotu on ollut virallisesti hyv\u00e4ksytty vuodesta 2003. Sit\u00e4 ennen amerikank\u00e4\u00e4pi\u00f6kettuterrierit on rekister\u00f6ity vain United Kennel Clubiin (UKC), jo vuodesta 1936 alkaen. American Kennel Club on kattoj\u00e4rjest\u00f6 ja FCI:n alainen j\u00e4rjest\u00f6, [&hellip;]<\/p>\n","protected":false},"author":3,"featured_media":0,"parent":0,"menu_order":0,"comment_status":"closed","ping_status":"closed","template":"","meta":{"site-sidebar-layout":"default","site-content-layout":"","ast-site-content-layout":"default","site-content-style":"default","site-sidebar-style":"default","ast-global-header-display":"","ast-banner-title-visibility":"","ast-main-header-display":"","ast-hfb-above-header-display":"","ast-hfb-below-header-display":"","ast-hfb-mobile-header-display":"","site-post-title":"","ast-breadcrumbs-content":"","ast-featured-img":"","footer-sml-layout":"","theme-transparent-header-meta":"","adv-header-id-meta":"","stick-header-meta":"","header-above-stick-meta":"","header-main-stick-meta":"","header-below-stick-meta":"","astra-migrate-meta-layouts":"set","ast-page-background-enabled":"default","ast-page-background-meta":{"desktop":{"background-color":"var(--ast-global-color-4)","background-image":"","background-repeat":"repeat","background-position":"center center","background-size":"auto","background-attachment":"scroll","background-type":"","background-media":"","overlay-type":"","overlay-color":"","overlay-opacity":"","overlay-gradient":""},"tablet":{"background-color":"","background-image":"","background-repeat":"repeat","background-position":"center center","background-size":"auto","background-attachment":"scroll","background-type":"","background-media":"","overlay-type":"","overlay-color":"","overlay-opacity":"","overlay-gradient":""},"mobile":{"background-color":"","background-image":"","background-repeat":"repeat","background-position":"center center","background-size":"auto","background-attachment":"scroll","background-type":"","background-media":"","overlay-type":"","overlay-color":"","overlay-opacity":"","overlay-gradient":""}},"ast-content-background-meta":{"desktop":{"background-color":"var(--ast-global-color-5)","background-image":"","background-repeat":"repeat","background-position":"center center","background-size":"auto","background-attachment":"scroll","background-type":"","background-media":"","overlay-type":"","overlay-color":"","overlay-opacity":"","overlay-gradient":""},"tablet":{"background-color":"var(--ast-global-color-5)","background-image":"","background-repeat":"repeat","background-position":"center center","background-size":"auto","background-attachment":"scroll","background-type":"","background-media":"","overlay-type":"","overlay-color":"","overlay-opacity":"","overlay-gradient":""},"mobile":{"background-color":"var(--ast-global-color-5)","background-image":"","background-repeat":"repeat","background-position":"center center","background-size":"auto","background-attachment":"scroll","background-type":"","background-media":"","overlay-type":"","overlay-color":"","overlay-opacity":"","overlay-gradient":""}},"footnotes":""},"class_list":["post-350","page","type-page","status-publish","hentry"],"_links":{"self":[{"href":"https:\/\/xn--amerikankpikettuterrieri-ybca20c.fi\/index.php\/wp-json\/wp\/v2\/pages\/350","targetHints":{"allow":["GET"]}}],"collection":[{"href":"https:\/\/xn--amerikankpikettuterrieri-ybca20c.fi\/index.php\/wp-json\/wp\/v2\/pages"}],"about":[{"href":"https:\/\/xn--amerikankpikettuterrieri-ybca20c.fi\/index.php\/wp-json\/wp\/v2\/types\/page"}],"author":[{"embeddable":true,"href":"https:\/\/xn--amerikankpikettuterrieri-ybca20c.fi\/index.php\/wp-json\/wp\/v2\/users\/3"}],"replies":[{"embeddable":true,"href":"https:\/\/xn--amerikankpikettuterrieri-ybca20c.fi\/index.php\/wp-json\/wp\/v2\/comments?post=350"}],"version-history":[{"count":42,"href":"https:\/\/xn--amerikankpikettuterrieri-ybca20c.fi\/index.php\/wp-json\/wp\/v2\/pages\/350\/revisions"}],"predecessor-version":[{"id":1436,"href":"https:\/\/xn--amerikankpikettuterrieri-ybca20c.fi\/index.php\/wp-json\/wp\/v2\/pages\/350\/revisions\/1436"}],"wp:attachment":[{"href":"https:\/\/xn--amerikankpikettuterrieri-ybca20c.fi\/index.php\/wp-json\/wp\/v2\/media?parent=350"}],"curies":[{"name":"wp","href":"https:\/\/api.w.org\/{rel}","templated":true}]}}