{"id":242,"date":"2022-01-15T00:53:25","date_gmt":"2022-01-15T00:53:25","guid":{"rendered":"https:\/\/xn--amerikankpikettuterrieri-ybca20c.fi\/?page_id=242"},"modified":"2023-08-04T00:05:57","modified_gmt":"2023-08-03T22:05:57","slug":"etusivu","status":"publish","type":"page","link":"https:\/\/xn--amerikankpikettuterrieri-ybca20c.fi\/","title":{"rendered":""},"content":{"rendered":"\n<figure class=\"wp-block-image aligncenter size-large is-resized\"><img loading=\"lazy\" decoding=\"async\" src=\"https:\/\/xn--amerikankpikettuterrieri-ybca20c.fi\/wp-content\/uploads\/2022\/01\/etusivulle1-1024x494.jpg\" alt=\"\" class=\"wp-image-650\" width=\"804\" height=\"388\" srcset=\"https:\/\/xn--amerikankpikettuterrieri-ybca20c.fi\/wp-content\/uploads\/2022\/01\/etusivulle1-1024x494.jpg 1024w, https:\/\/xn--amerikankpikettuterrieri-ybca20c.fi\/wp-content\/uploads\/2022\/01\/etusivulle1-300x145.jpg 300w, https:\/\/xn--amerikankpikettuterrieri-ybca20c.fi\/wp-content\/uploads\/2022\/01\/etusivulle1-768x370.jpg 768w, https:\/\/xn--amerikankpikettuterrieri-ybca20c.fi\/wp-content\/uploads\/2022\/01\/etusivulle1.jpg 1364w\" sizes=\"auto, (max-width: 804px) 100vw, 804px\" \/><\/figure>\n\n\n\n<h3 class=\"wp-block-heading\" id=\"kiinnostaako-sinua-amerikankaapiokettuterrieri\">Kiinnostaako sinua amerikank\u00e4\u00e4pi\u00f6kettuterrieri?<\/h3>\n\n\n\n<p><mark style=\"background-color:rgba(0, 0, 0, 0)\" class=\"has-inline-color has-black-color\">Amerikank\u00e4\u00e4pi\u00f6kettuterrieri on rodun virallinen, Suomen Kennelliiton (SKL) antama nimi. Kasvattajat, jotka eiv\u00e4t ole Suomen Kennelliiton alaisia k\u00e4ytt\u00e4v\u00e4t rodusta nime\u00e4 amerikank\u00e4\u00e4pi\u00f6terrieri.<\/mark> Rotu ei kuitenkaan nimens\u00e4 mukaisesti ole kettukoira, vaan nimi tulee rodun alkuper\u00e4maasta Yhdysvalloista ja siell\u00e4 rodusta k\u00e4ytet\u00e4\u00e4n nime\u00e4 Toy Fox Terrier (TFT). <\/p>\n\n\n\n<p class=\"has-black-color has-text-color\">Ennen koiran hankintaa on viisasta tutustua kunnolla rotuun ja sen <a href=\"https:\/\/xn--amerikankpikettuterrieri-ybca20c.fi\/index.php\/tietoa-rodusta\/\" target=\"_blank\" rel=\"noreferrer noopener\">ominaisuuksiin.<\/a> Amerikank\u00e4\u00e4pi\u00f6kettuterrieri ei ole vain pieni ja s\u00f6p\u00f6, vaan silt\u00e4 l\u00f6ytyy my\u00f6s paljon luonnetta.<\/p>\n\n\n\n<p class=\"has-black-color has-text-color\">On hyv\u00e4 mietti\u00e4 millaisia toiveita itsell\u00e4\u00e4n on rodun suhteen ja mihin k\u00e4ytt\u00f6tarkoitukseen on koiraa hankkimassa. Rotuun on j\u00e4rkev\u00e4\u00e4 k\u00e4yd\u00e4 tutustumassa esimerkiksi kasvattajien luona sek\u00e4 rotuaharrastavia l\u00f6ytyy ymp\u00e4ri Suomea ja he mielell\u00e4\u00e4n esittelev\u00e4t rotua oman koiransa kanssa. Tapaamisia voi kysell\u00e4 tarkemmin rodun omassa facebook -ryhm\u00e4ss\u00e4 <a href=\"https:\/\/www.facebook.com\/groups\/709812892820398\/?ref=share\">Amerikank\u00e4\u00e4pi\u00f6kettuterrierit.<\/a><\/p>\n\n\n\n<p class=\"has-black-color has-text-color\">Pentua etsiess\u00e4 kannattaa ottaa yhteytt\u00e4 suoraan kasvattajiin, jotka osaavat parhaiten kertoa tulevista pentusuunnitelmistaan. Kasvattajat l\u00f6yd\u00e4t omalta erilliselt\u00e4 v\u00e4lilehdelt\u00e4 <a href=\"https:\/\/xn--amerikankpikettuterrieri-ybca20c.fi\/index.php\/kasvattajat\/\" data-type=\"URL\" data-id=\"https:\/\/xn--amerikankpikettuterrieri-ybca20c.fi\/index.php\/kasvattajat\/\" target=\"_blank\" rel=\"noreferrer noopener\">t\u00e4\u00e4lt\u00e4.<\/a><\/p>\n\n\n\n<p class=\"has-black-color has-text-color\"><a rel=\"noreferrer noopener\" href=\"https:\/\/www.kennelliitto.fi\/koiran-omistaminen\/koiran-hankkiminen\" target=\"_blank\">Suomen Kennelliitto<\/a> tarjoaa my\u00f6s hyv\u00e4\u00e4 ja t\u00e4rke\u00e4\u00e4 tietoa koiran ostamisesta sek\u00e4 omistamisesta. <\/p>\n\n\n\n<p><\/p>\n\n\n\n<p><\/p>\n","protected":false},"excerpt":{"rendered":"<p>Kiinnostaako sinua amerikank\u00e4\u00e4pi\u00f6kettuterrieri? Amerikank\u00e4\u00e4pi\u00f6kettuterrieri on rodun virallinen, Suomen Kennelliiton (SKL) antama nimi. Kasvattajat, jotka eiv\u00e4t ole Suomen Kennelliiton alaisia k\u00e4ytt\u00e4v\u00e4t rodusta nime\u00e4 amerikank\u00e4\u00e4pi\u00f6terrieri. Rotu ei kuitenkaan nimens\u00e4 mukaisesti ole kettukoira, vaan nimi tulee rodun alkuper\u00e4maasta Yhdysvalloista ja siell\u00e4 rodusta k\u00e4ytet\u00e4\u00e4n nime\u00e4 Toy Fox Terrier (TFT). Ennen koiran hankintaa on viisasta tutustua kunnolla rotuun ja sen [&hellip;]<\/p>\n","protected":false},"author":3,"featured_media":0,"parent":0,"menu_order":0,"comment_status":"closed","ping_status":"closed","template":"","meta":{"site-sidebar-layout":"default","site-content-layout":"","ast-site-content-layout":"default","site-content-style":"default","site-sidebar-style":"default","ast-global-header-display":"","ast-banner-title-visibility":"","ast-main-header-display":"","ast-hfb-above-header-display":"","ast-hfb-below-header-display":"","ast-hfb-mobile-header-display":"","site-post-title":"","ast-breadcrumbs-content":"","ast-featured-img":"","footer-sml-layout":"","theme-transparent-header-meta":"","adv-header-id-meta":"","stick-header-meta":"","header-above-stick-meta":"","header-main-stick-meta":"","header-below-stick-meta":"","astra-migrate-meta-layouts":"default","ast-page-background-enabled":"default","ast-page-background-meta":{"desktop":{"background-color":"var(--ast-global-color-4)","background-image":"","background-repeat":"repeat","background-position":"center center","background-size":"auto","background-attachment":"scroll","background-type":"","background-media":"","overlay-type":"","overlay-color":"","overlay-opacity":"","overlay-gradient":""},"tablet":{"background-color":"","background-image":"","background-repeat":"repeat","background-position":"center center","background-size":"auto","background-attachment":"scroll","background-type":"","background-media":"","overlay-type":"","overlay-color":"","overlay-opacity":"","overlay-gradient":""},"mobile":{"background-color":"","background-image":"","background-repeat":"repeat","background-position":"center center","background-size":"auto","background-attachment":"scroll","background-type":"","background-media":"","overlay-type":"","overlay-color":"","overlay-opacity":"","overlay-gradient":""}},"ast-content-background-meta":{"desktop":{"background-color":"var(--ast-global-color-5)","background-image":"","background-repeat":"repeat","background-position":"center center","background-size":"auto","background-attachment":"scroll","background-type":"","background-media":"","overlay-type":"","overlay-color":"","overlay-opacity":"","overlay-gradient":""},"tablet":{"background-color":"var(--ast-global-color-5)","background-image":"","background-repeat":"repeat","background-position":"center center","background-size":"auto","background-attachment":"scroll","background-type":"","background-media":"","overlay-type":"","overlay-color":"","overlay-opacity":"","overlay-gradient":""},"mobile":{"background-color":"var(--ast-global-color-5)","background-image":"","background-repeat":"repeat","background-position":"center center","background-size":"auto","background-attachment":"scroll","background-type":"","background-media":"","overlay-type":"","overlay-color":"","overlay-opacity":"","overlay-gradient":""}},"footnotes":""},"class_list":["post-242","page","type-page","status-publish","hentry"],"_links":{"self":[{"href":"https:\/\/xn--amerikankpikettuterrieri-ybca20c.fi\/index.php\/wp-json\/wp\/v2\/pages\/242","targetHints":{"allow":["GET"]}}],"collection":[{"href":"https:\/\/xn--amerikankpikettuterrieri-ybca20c.fi\/index.php\/wp-json\/wp\/v2\/pages"}],"about":[{"href":"https:\/\/xn--amerikankpikettuterrieri-ybca20c.fi\/index.php\/wp-json\/wp\/v2\/types\/page"}],"author":[{"embeddable":true,"href":"https:\/\/xn--amerikankpikettuterrieri-ybca20c.fi\/index.php\/wp-json\/wp\/v2\/users\/3"}],"replies":[{"embeddable":true,"href":"https:\/\/xn--amerikankpikettuterrieri-ybca20c.fi\/index.php\/wp-json\/wp\/v2\/comments?post=242"}],"version-history":[{"count":66,"href":"https:\/\/xn--amerikankpikettuterrieri-ybca20c.fi\/index.php\/wp-json\/wp\/v2\/pages\/242\/revisions"}],"predecessor-version":[{"id":1370,"href":"https:\/\/xn--amerikankpikettuterrieri-ybca20c.fi\/index.php\/wp-json\/wp\/v2\/pages\/242\/revisions\/1370"}],"wp:attachment":[{"href":"https:\/\/xn--amerikankpikettuterrieri-ybca20c.fi\/index.php\/wp-json\/wp\/v2\/media?parent=242"}],"curies":[{"name":"wp","href":"https:\/\/api.w.org\/{rel}","templated":true}]}}