{"id":21,"date":"2022-01-14T15:38:10","date_gmt":"2022-01-14T15:38:10","guid":{"rendered":"https:\/\/xn--amerikankpikettuterrieri-ybca20c.fi\/?page_id=21"},"modified":"2023-02-01T23:51:12","modified_gmt":"2023-02-01T21:51:12","slug":"linkkeja","status":"publish","type":"page","link":"https:\/\/xn--amerikankpikettuterrieri-ybca20c.fi\/index.php\/linkkeja\/","title":{"rendered":"Linkkej\u00e4"},"content":{"rendered":"\n<p><mark style=\"background-color:rgba(0, 0, 0, 0)\" class=\"has-inline-color has-black-color\">T\u00e4lt\u00e4 sivulta l\u00f6yd\u00e4t muita hy\u00f6dyllisi\u00e4 linkkej\u00e4:<\/mark><\/p>\n\n\n\n<p><a rel=\"noreferrer noopener\" href=\"https:\/\/www.kennelliitto.fi\/\" data-type=\"URL\" data-id=\"https:\/\/www.kennelliitto.fi\/\" target=\"_blank\">Suomen Kennelliitto<\/a><br><a rel=\"noreferrer noopener\" href=\"https:\/\/www.terrierijarjesto.fi\/\" data-type=\"URL\" data-id=\"https:\/\/www.terrierijarjesto.fi\/\" target=\"_blank\">Suomen Terrierij\u00e4rjest\u00f6 Ry<\/a><br><a rel=\"noreferrer noopener\" href=\"https:\/\/www.etsijakoiraliitto.fi\/\" data-type=\"URL\" data-id=\"https:\/\/www.etsijakoiraliitto.fi\/\" target=\"_blank\">Etsij\u00e4koiraliitto<\/a><br><a rel=\"noreferrer noopener\" href=\"https:\/\/www.hankikoira.fi\/\" data-type=\"URL\" data-id=\"https:\/\/www.hankikoira.fi\/\" target=\"_blank\">Hankikoira.fi<\/a> <span class=\"has-inline-color has-black-color\">&#8211; L\u00f6yd\u00e4 sinulle sopiva koirarotu<\/span><br><a rel=\"noreferrer noopener\" href=\"https:\/\/veteva.vet\/blogi\/\" data-type=\"URL\" data-id=\"https:\/\/veteva.vet\/blogi\/\" target=\"_blank\">Veteva.net <\/a><span class=\"has-inline-color has-black-color\">&#8211; Erilaisia et\u00e4el\u00e4inl\u00e4\u00e4k\u00e4rin ohjeita<\/span><br><span class=\"has-inline-color has-black-color\"><a rel=\"noreferrer noopener\" href=\"https:\/\/omaelainklinikka.fi\/koiran-rokotukset\/\" data-type=\"URL\" data-id=\"https:\/\/omaelainklinikka.fi\/koiran-rokotukset\/\" target=\"_blank\">Koiran rokotukset<\/a><\/span><br><span class=\"has-inline-color has-black-color\"><a rel=\"noreferrer noopener\" href=\"https:\/\/omaelainklinikka.fi\/koiran-hampaiden-harjaaminen\/\" target=\"_blank\">Ohjeita koiran hampaiden harjaamiseen<\/a><br><a rel=\"noreferrer noopener\" href=\"https:\/\/www.chiadegracia.fi\/pages\/koirien-ruokinta\" data-type=\"URL\" data-id=\"https:\/\/www.chiadegracia.fi\/pages\/koirien-ruokinta\" target=\"_blank\">Chia de Gracia<\/a> &#8211; Koirien luonnolliset ravintolis\u00e4t ja vitamiinit<\/span><br><span class=\"has-inline-color has-black-color\"><a rel=\"noreferrer noopener\" href=\"https:\/\/www.luonnollinenruokinta.fi\/blog\/koiran-luonnollinen-ruokinta\" data-type=\"URL\" data-id=\"https:\/\/www.luonnollinenruokinta.fi\/blog\/koiran-luonnollinen-ruokinta\" target=\"_blank\">Koiran luonnollinen ruokinta<\/a><\/span><br><span class=\"has-inline-color has-black-color\"><a rel=\"noreferrer noopener\" href=\"https:\/\/evidensia.fi\/hoitovinkit\/koiran-terveellinen-ruokinta\/\" data-type=\"URL\" data-id=\"https:\/\/evidensia.fi\/hoitovinkit\/koiran-terveellinen-ruokinta\/\" target=\"_blank\">Koiran terveellinen ruokinta<\/a><br><a rel=\"noreferrer noopener\" href=\"https:\/\/www.luonnollinenruokinta.fi\/blog\/miten-aloittaa-raakaruokinta\" data-type=\"URL\" data-id=\"https:\/\/www.luonnollinenruokinta.fi\/blog\/miten-aloittaa-raakaruokinta\" target=\"_blank\">Miten aloittaa raakaruokinta<\/a><br><a href=\"https:\/\/www.mushbarf.com\/fi\/barffaus\/miksi-barf\/#panel-39198\" data-type=\"URL\" data-id=\"https:\/\/www.mushbarf.com\/fi\/barffaus\/miksi-barf\/#panel-39198\" target=\"_blank\" rel=\"noreferrer noopener\">Miksi raakaruokaa<\/a><\/span><\/p>\n\n\n\n<p class=\"has-black-color has-text-color\"><mark style=\"background-color:rgba(0, 0, 0, 0)\" class=\"has-inline-color has-black-color\">Amerikank\u00e4\u00e4pi\u00f6kettuterriereiden el\u00e4m\u00e4\u00e4 p\u00e4\u00e4set seuraamaan my\u00f6s useampien Instagram k\u00e4ytt\u00e4j\u00e4tilien kautta:<\/mark><br><br><mark style=\"background-color:rgba(0, 0, 0, 0)\" class=\"has-inline-color has-orange-color\"><a rel=\"noreferrer noopener\" href=\"https:\/\/www.instagram.com\/piippakorvat\/\" data-type=\"URL\" data-id=\"https:\/\/www.instagram.com\/piippakorvat\/\" target=\"_blank\">piippakorvat<\/a> <br><a rel=\"noreferrer noopener\" href=\"https:\/\/www.instagram.com\/lunatoyfoxterrier\/\" data-type=\"URL\" data-id=\"https:\/\/www.instagram.com\/lunatoyfoxterrier\/\" target=\"_blank\">lunatoyfoxterrier<\/a><br><a rel=\"noreferrer noopener\" href=\"https:\/\/www.instagram.com\/toyfoxvili\" data-type=\"URL\" data-id=\"https:\/\/www.instagram.com\/toyfoxvili\" target=\"_blank\">toyfoxvili<\/a><br><a rel=\"noreferrer noopener\" href=\"https:\/\/www.instagram.com\/toyfoxonni\" data-type=\"URL\" data-id=\"https:\/\/www.instagram.com\/toyfoxonni\" target=\"_blank\">toyfoxonni<\/a><\/mark><br><a rel=\"noreferrer noopener\" href=\"https:\/\/www.instagram.com\/roka_toy_fox_terrier\/\" target=\"_blank\">roka_toy_fox_terrier<\/a><br><a rel=\"noreferrer noopener\" href=\"https:\/\/www.instagram.com\/toyfoxterriersipe\" target=\"_blank\">toyfoxterriersipe<\/a><\/p>\n\n\n\n<p><\/p>\n\n\n\n<p class=\"has-black-color has-text-color\"><br><\/p>\n\n\n\n<div class=\"wp-block-buttons is-layout-flex wp-block-buttons-is-layout-flex\">\n<div class=\"wp-block-button is-style-outline is-style-outline--1\"><a class=\"wp-block-button__link wp-element-button\" href=\"https:\/\/tapahtumakalenteri.kennelliitto.fi\/Nayttelyt\" target=\"_blank\" rel=\"noreferrer noopener\">Kennelliiton tapahtumakalenteri<\/a><\/div>\n<\/div>\n\n\n\n<div class=\"wp-block-buttons is-horizontal is-content-justification-right is-layout-flex wp-container-core-buttons-is-layout-30af2ff6 wp-block-buttons-is-layout-flex\"><\/div>\n\n\n\n<p><\/p>\n\n\n\n<p><\/p>\n\n\n\n<p><\/p>\n\n\n\n<p><\/p>\n","protected":false},"excerpt":{"rendered":"<p>T\u00e4lt\u00e4 sivulta l\u00f6yd\u00e4t muita hy\u00f6dyllisi\u00e4 linkkej\u00e4: Suomen KennelliittoSuomen Terrierij\u00e4rjest\u00f6 RyEtsij\u00e4koiraliittoHankikoira.fi &#8211; L\u00f6yd\u00e4 sinulle sopiva koirarotuVeteva.net &#8211; Erilaisia et\u00e4el\u00e4inl\u00e4\u00e4k\u00e4rin ohjeitaKoiran rokotuksetOhjeita koiran hampaiden harjaamiseenChia de Gracia &#8211; Koirien luonnolliset ravintolis\u00e4t ja vitamiinitKoiran luonnollinen ruokintaKoiran terveellinen ruokintaMiten aloittaa raakaruokintaMiksi raakaruokaa Amerikank\u00e4\u00e4pi\u00f6kettuterriereiden el\u00e4m\u00e4\u00e4 p\u00e4\u00e4set seuraamaan my\u00f6s useampien Instagram k\u00e4ytt\u00e4j\u00e4tilien kautta: piippakorvat lunatoyfoxterriertoyfoxvilitoyfoxonniroka_toy_fox_terriertoyfoxterriersipe<\/p>\n","protected":false},"author":3,"featured_media":0,"parent":0,"menu_order":0,"comment_status":"closed","ping_status":"closed","template":"","meta":{"site-sidebar-layout":"default","site-content-layout":"","ast-site-content-layout":"default","site-content-style":"default","site-sidebar-style":"default","ast-global-header-display":"","ast-banner-title-visibility":"","ast-main-header-display":"","ast-hfb-above-header-display":"","ast-hfb-below-header-display":"","ast-hfb-mobile-header-display":"","site-post-title":"","ast-breadcrumbs-content":"","ast-featured-img":"","footer-sml-layout":"","theme-transparent-header-meta":"","adv-header-id-meta":"","stick-header-meta":"","header-above-stick-meta":"","header-main-stick-meta":"","header-below-stick-meta":"","astra-migrate-meta-layouts":"default","ast-page-background-enabled":"default","ast-page-background-meta":{"desktop":{"background-color":"var(--ast-global-color-4)","background-image":"","background-repeat":"repeat","background-position":"center center","background-size":"auto","background-attachment":"scroll","background-type":"","background-media":"","overlay-type":"","overlay-color":"","overlay-opacity":"","overlay-gradient":""},"tablet":{"background-color":"","background-image":"","background-repeat":"repeat","background-position":"center center","background-size":"auto","background-attachment":"scroll","background-type":"","background-media":"","overlay-type":"","overlay-color":"","overlay-opacity":"","overlay-gradient":""},"mobile":{"background-color":"","background-image":"","background-repeat":"repeat","background-position":"center center","background-size":"auto","background-attachment":"scroll","background-type":"","background-media":"","overlay-type":"","overlay-color":"","overlay-opacity":"","overlay-gradient":""}},"ast-content-background-meta":{"desktop":{"background-color":"var(--ast-global-color-5)","background-image":"","background-repeat":"repeat","background-position":"center center","background-size":"auto","background-attachment":"scroll","background-type":"","background-media":"","overlay-type":"","overlay-color":"","overlay-opacity":"","overlay-gradient":""},"tablet":{"background-color":"var(--ast-global-color-5)","background-image":"","background-repeat":"repeat","background-position":"center center","background-size":"auto","background-attachment":"scroll","background-type":"","background-media":"","overlay-type":"","overlay-color":"","overlay-opacity":"","overlay-gradient":""},"mobile":{"background-color":"var(--ast-global-color-5)","background-image":"","background-repeat":"repeat","background-position":"center center","background-size":"auto","background-attachment":"scroll","background-type":"","background-media":"","overlay-type":"","overlay-color":"","overlay-opacity":"","overlay-gradient":""}},"footnotes":""},"class_list":["post-21","page","type-page","status-publish","hentry"],"_links":{"self":[{"href":"https:\/\/xn--amerikankpikettuterrieri-ybca20c.fi\/index.php\/wp-json\/wp\/v2\/pages\/21","targetHints":{"allow":["GET"]}}],"collection":[{"href":"https:\/\/xn--amerikankpikettuterrieri-ybca20c.fi\/index.php\/wp-json\/wp\/v2\/pages"}],"about":[{"href":"https:\/\/xn--amerikankpikettuterrieri-ybca20c.fi\/index.php\/wp-json\/wp\/v2\/types\/page"}],"author":[{"embeddable":true,"href":"https:\/\/xn--amerikankpikettuterrieri-ybca20c.fi\/index.php\/wp-json\/wp\/v2\/users\/3"}],"replies":[{"embeddable":true,"href":"https:\/\/xn--amerikankpikettuterrieri-ybca20c.fi\/index.php\/wp-json\/wp\/v2\/comments?post=21"}],"version-history":[{"count":29,"href":"https:\/\/xn--amerikankpikettuterrieri-ybca20c.fi\/index.php\/wp-json\/wp\/v2\/pages\/21\/revisions"}],"predecessor-version":[{"id":1246,"href":"https:\/\/xn--amerikankpikettuterrieri-ybca20c.fi\/index.php\/wp-json\/wp\/v2\/pages\/21\/revisions\/1246"}],"wp:attachment":[{"href":"https:\/\/xn--amerikankpikettuterrieri-ybca20c.fi\/index.php\/wp-json\/wp\/v2\/media?parent=21"}],"curies":[{"name":"wp","href":"https:\/\/api.w.org\/{rel}","templated":true}]}}