{"id":20,"date":"2022-01-14T15:37:52","date_gmt":"2022-01-14T15:37:52","guid":{"rendered":"https:\/\/xn--amerikankpikettuterrieri-ybca20c.fi\/?page_id=20"},"modified":"2026-01-24T13:58:57","modified_gmt":"2026-01-24T11:58:57","slug":"kasvattajat","status":"publish","type":"page","link":"https:\/\/xn--amerikankpikettuterrieri-ybca20c.fi\/index.php\/kasvattajat\/","title":{"rendered":"Kasvattajat"},"content":{"rendered":"\n<p><mark style=\"background-color:rgba(0, 0, 0, 0)\" class=\"has-inline-color has-black-color\">Sivulta l\u00f6yd\u00e4t viralliset Suomen Kennelliiton kasvattajat, jotka ovat allekirjoittaneet kennelliiton kasvattajasitoumuksen.<\/mark><\/p>\n\n\n\n<p class=\"has-black-color has-text-color\"><mark style=\"background-color:rgba(0, 0, 0, 0)\" class=\"has-inline-color has-black-color\">Hankithan pentusi vain viralliselta Suomen Kennelliiton kasvattajalta<\/mark>, sill\u00e4 Suomessa on jonkin verran kasvattajia, jotka k\u00e4ytt\u00e4v\u00e4t jalostukseen samoja narttuja useita kertoja ja koiria, jotka kantavat perinn\u00f6llisi\u00e4 sairauksia. <em>Olethan huolellinen, ettet tue t\u00e4llaista toimintaa. <\/em>Kennelliiton virallisen kasvattajan myym\u00e4n\u00e4 saat kasvattajalta tukea koko koiran el\u00e4m\u00e4n ajaksi. <mark style=\"background-color:rgba(0, 0, 0, 0)\" class=\"has-inline-color has-black-color\">Kennelliiton teht\u00e4v\u00e4n\u00e4 on edist\u00e4\u00e4 rekister\u00f6ityjen koirien vastuullista kasvattamista, omistamista ja k\u00e4ytt\u00f6\u00e4. Tavoitteena on terve, hyv\u00e4luonteinen, k\u00e4ytt\u00f6ominaisuuksiltaan ja rakenteeltaan sek\u00e4 ulkomuodoltaan rodunomainen, hyvinvoiva koira.<\/mark> <\/p>\n\n\n\n<p><\/p>\n\n\n\n<p><a rel=\"noreferrer noopener\" href=\"https:\/\/jalostus.kennelliitto.fi\/frmKasvattajat.aspx?R=998&amp;Lang=fi\" data-type=\"URL\" data-id=\"https:\/\/jalostus.kennelliitto.fi\/frmKasvattajat.aspx?R=998&amp;Lang=fi\" target=\"_blank\">Kennelliiton jalostustietoj\u00e4rjestelm\u00e4st\u00e4<\/a><span class=\"has-inline-color has-black-color\"> l\u00f6yd\u00e4t koirien sukutaulut ja terveystutkimukset, jotka ovat julkista tietoa kaikille, eiv\u00e4tk\u00e4 vaadi kirjautumista.<\/span><br><\/p>\n\n\n\n<p><br><\/p>\n\n\n\n<p><mark style=\"background-color:rgba(0, 0, 0, 0)\" class=\"has-inline-color has-orange-color\"><strong>Kasvattajalista:<\/strong><\/mark><\/p>\n\n\n\n<figure class=\"wp-block-table is-style-stripes\"><table class=\"has-black-color has-text-color\"><tbody><tr><td><mark style=\"background-color:rgba(0, 0, 0, 0)\" class=\"has-inline-color has-orange-color\"><strong>Cassoco Lotko <\/strong><\/mark> <br><br><img loading=\"lazy\" decoding=\"async\" width=\"150\" height=\"150\" class=\"wp-image-1345\" style=\"width: 150px;\" src=\"https:\/\/xn--amerikankpikettuterrieri-ybca20c.fi\/wp-content\/uploads\/2023\/12\/Gold-and-White-Modern-Merry-Christmas-label-Sticker-4.png\" alt=\"\" srcset=\"https:\/\/xn--amerikankpikettuterrieri-ybca20c.fi\/wp-content\/uploads\/2023\/12\/Gold-and-White-Modern-Merry-Christmas-label-Sticker-4.png 1181w, https:\/\/xn--amerikankpikettuterrieri-ybca20c.fi\/wp-content\/uploads\/2023\/12\/Gold-and-White-Modern-Merry-Christmas-label-Sticker-4-300x300.png 300w, https:\/\/xn--amerikankpikettuterrieri-ybca20c.fi\/wp-content\/uploads\/2023\/12\/Gold-and-White-Modern-Merry-Christmas-label-Sticker-4-1024x1024.png 1024w, https:\/\/xn--amerikankpikettuterrieri-ybca20c.fi\/wp-content\/uploads\/2023\/12\/Gold-and-White-Modern-Merry-Christmas-label-Sticker-4-150x150.png 150w, https:\/\/xn--amerikankpikettuterrieri-ybca20c.fi\/wp-content\/uploads\/2023\/12\/Gold-and-White-Modern-Merry-Christmas-label-Sticker-4-768x768.png 768w\" sizes=\"auto, (max-width: 150px) 100vw, 150px\" \/><br><\/td><td>Hamina                                 <\/td><td>Anu-Johanna Pihkanen<br>cassocolotko@gmail.com <br>puh. 046 572 4307 <br>(Yhteydenotot ensisijaisesti s\u00e4hk\u00f6postiin)<\/td><\/tr><tr><td><mark style=\"background-color:rgba(0, 0, 0, 0)\" class=\"has-inline-color has-orange-color\"><strong>Cavum Volpium<\/strong><\/mark><br><\/td><td>Espoo<\/td><td>Kirsi Rostamo<br>kirsi.rostamo@dei.fi<\/td><\/tr><tr><td><strong>Qvenian<br><\/strong><\/td><td>Tampere<\/td><td>Eeva-Maria Jokinen<br>eevamaria.jokinen@gmail.com<br>puh. 040 512 6645<\/td><\/tr><tr><td><br><strong>Starvalleys<\/strong> <br><br><\/td><td>Hyvink\u00e4\u00e4<\/td><td>Tea Salo<br>tea.salo@pp.inet.fi        <br>puh. 040 531 6847                              <\/td><\/tr><tr><td><strong>Kianta&#8217;s<\/strong><br>(ei viel\u00e4 pentueita)<\/td><td>Lahti<\/td><td>Sasa Villa<br>sasavillablog@gmail.com  <\/td><\/tr><\/tbody><\/table><figcaption class=\"wp-element-caption\"> <br>                                                                                                         <\/figcaption><\/figure>\n\n\n\n\n\n\n\n<figure class=\"wp-block-gallery has-nested-images columns-default is-cropped aligncenter wp-block-gallery-1 is-layout-flex wp-block-gallery-is-layout-flex\">\n<figure class=\"wp-block-image size-large\"><img loading=\"lazy\" decoding=\"async\" width=\"768\" height=\"1024\" data-id=\"467\" src=\"https:\/\/xn--amerikankpikettuterrieri-ybca20c.fi\/wp-content\/uploads\/2022\/01\/received_275785924474834.jpeg\" alt=\"\" class=\"wp-image-467\" srcset=\"https:\/\/xn--amerikankpikettuterrieri-ybca20c.fi\/wp-content\/uploads\/2022\/01\/received_275785924474834.jpeg 768w, https:\/\/xn--amerikankpikettuterrieri-ybca20c.fi\/wp-content\/uploads\/2022\/01\/received_275785924474834-225x300.jpeg 225w\" sizes=\"auto, (max-width: 768px) 100vw, 768px\" \/><\/figure>\n\n\n\n<figure class=\"wp-block-image size-large\"><img loading=\"lazy\" decoding=\"async\" width=\"1024\" height=\"768\" data-id=\"470\" src=\"https:\/\/xn--amerikankpikettuterrieri-ybca20c.fi\/wp-content\/uploads\/2022\/01\/received_321873846486422.jpeg\" alt=\"\" class=\"wp-image-470\" srcset=\"https:\/\/xn--amerikankpikettuterrieri-ybca20c.fi\/wp-content\/uploads\/2022\/01\/received_321873846486422.jpeg 1024w, https:\/\/xn--amerikankpikettuterrieri-ybca20c.fi\/wp-content\/uploads\/2022\/01\/received_321873846486422-300x225.jpeg 300w, https:\/\/xn--amerikankpikettuterrieri-ybca20c.fi\/wp-content\/uploads\/2022\/01\/received_321873846486422-768x576.jpeg 768w\" sizes=\"auto, (max-width: 1024px) 100vw, 1024px\" \/><\/figure>\n<figcaption class=\"blocks-gallery-caption wp-element-caption\">Kuvat \u00a9 Kirsi Rostamo<\/figcaption><\/figure>\n","protected":false},"excerpt":{"rendered":"<p>Sivulta l\u00f6yd\u00e4t viralliset Suomen Kennelliiton kasvattajat, jotka ovat allekirjoittaneet kennelliiton kasvattajasitoumuksen. Hankithan pentusi vain viralliselta Suomen Kennelliiton kasvattajalta, sill\u00e4 Suomessa on jonkin verran kasvattajia, jotka k\u00e4ytt\u00e4v\u00e4t jalostukseen samoja narttuja useita kertoja ja koiria, jotka kantavat perinn\u00f6llisi\u00e4 sairauksia. Olethan huolellinen, ettet tue t\u00e4llaista toimintaa. Kennelliiton virallisen kasvattajan myym\u00e4n\u00e4 saat kasvattajalta tukea koko koiran el\u00e4m\u00e4n ajaksi. Kennelliiton [&hellip;]<\/p>\n","protected":false},"author":3,"featured_media":0,"parent":0,"menu_order":0,"comment_status":"closed","ping_status":"closed","template":"","meta":{"site-sidebar-layout":"default","site-content-layout":"","ast-site-content-layout":"default","site-content-style":"default","site-sidebar-style":"default","ast-global-header-display":"","ast-banner-title-visibility":"","ast-main-header-display":"","ast-hfb-above-header-display":"","ast-hfb-below-header-display":"","ast-hfb-mobile-header-display":"","site-post-title":"","ast-breadcrumbs-content":"","ast-featured-img":"","footer-sml-layout":"","theme-transparent-header-meta":"","adv-header-id-meta":"","stick-header-meta":"","header-above-stick-meta":"","header-main-stick-meta":"","header-below-stick-meta":"","astra-migrate-meta-layouts":"set","ast-page-background-enabled":"default","ast-page-background-meta":{"desktop":{"background-color":"var(--ast-global-color-4)","background-image":"","background-repeat":"repeat","background-position":"center center","background-size":"auto","background-attachment":"scroll","background-type":"","background-media":"","overlay-type":"","overlay-color":"","overlay-opacity":"","overlay-gradient":""},"tablet":{"background-color":"","background-image":"","background-repeat":"repeat","background-position":"center center","background-size":"auto","background-attachment":"scroll","background-type":"","background-media":"","overlay-type":"","overlay-color":"","overlay-opacity":"","overlay-gradient":""},"mobile":{"background-color":"","background-image":"","background-repeat":"repeat","background-position":"center center","background-size":"auto","background-attachment":"scroll","background-type":"","background-media":"","overlay-type":"","overlay-color":"","overlay-opacity":"","overlay-gradient":""}},"ast-content-background-meta":{"desktop":{"background-color":"var(--ast-global-color-5)","background-image":"","background-repeat":"repeat","background-position":"center center","background-size":"auto","background-attachment":"scroll","background-type":"","background-media":"","overlay-type":"","overlay-color":"","overlay-opacity":"","overlay-gradient":""},"tablet":{"background-color":"var(--ast-global-color-5)","background-image":"","background-repeat":"repeat","background-position":"center center","background-size":"auto","background-attachment":"scroll","background-type":"","background-media":"","overlay-type":"","overlay-color":"","overlay-opacity":"","overlay-gradient":""},"mobile":{"background-color":"var(--ast-global-color-5)","background-image":"","background-repeat":"repeat","background-position":"center center","background-size":"auto","background-attachment":"scroll","background-type":"","background-media":"","overlay-type":"","overlay-color":"","overlay-opacity":"","overlay-gradient":""}},"footnotes":""},"class_list":["post-20","page","type-page","status-publish","hentry"],"_links":{"self":[{"href":"https:\/\/xn--amerikankpikettuterrieri-ybca20c.fi\/index.php\/wp-json\/wp\/v2\/pages\/20","targetHints":{"allow":["GET"]}}],"collection":[{"href":"https:\/\/xn--amerikankpikettuterrieri-ybca20c.fi\/index.php\/wp-json\/wp\/v2\/pages"}],"about":[{"href":"https:\/\/xn--amerikankpikettuterrieri-ybca20c.fi\/index.php\/wp-json\/wp\/v2\/types\/page"}],"author":[{"embeddable":true,"href":"https:\/\/xn--amerikankpikettuterrieri-ybca20c.fi\/index.php\/wp-json\/wp\/v2\/users\/3"}],"replies":[{"embeddable":true,"href":"https:\/\/xn--amerikankpikettuterrieri-ybca20c.fi\/index.php\/wp-json\/wp\/v2\/comments?post=20"}],"version-history":[{"count":66,"href":"https:\/\/xn--amerikankpikettuterrieri-ybca20c.fi\/index.php\/wp-json\/wp\/v2\/pages\/20\/revisions"}],"predecessor-version":[{"id":1438,"href":"https:\/\/xn--amerikankpikettuterrieri-ybca20c.fi\/index.php\/wp-json\/wp\/v2\/pages\/20\/revisions\/1438"}],"wp:attachment":[{"href":"https:\/\/xn--amerikankpikettuterrieri-ybca20c.fi\/index.php\/wp-json\/wp\/v2\/media?parent=20"}],"curies":[{"name":"wp","href":"https:\/\/api.w.org\/{rel}","templated":true}]}}