{"id":19,"date":"2022-01-14T15:38:40","date_gmt":"2022-01-14T15:38:40","guid":{"rendered":"https:\/\/xn--amerikankpikettuterrieri-ybca20c.fi\/?page_id=19"},"modified":"2026-01-24T13:55:32","modified_gmt":"2026-01-24T11:55:32","slug":"tietoa-rodusta","status":"publish","type":"page","link":"https:\/\/xn--amerikankpikettuterrieri-ybca20c.fi\/index.php\/tietoa-rodusta\/","title":{"rendered":"Tietoa rodusta"},"content":{"rendered":"\n<figure class=\"wp-block-gallery has-nested-images columns-default is-cropped wp-block-gallery-1 is-layout-flex wp-block-gallery-is-layout-flex\">\n<figure class=\"wp-block-image size-large\"><img loading=\"lazy\" decoding=\"async\" width=\"1024\" height=\"718\" data-id=\"235\" src=\"https:\/\/xn--amerikankpikettuterrieri-ybca20c.fi\/wp-content\/uploads\/2022\/01\/Screenshot_20220115-024030__01-1024x718.jpg\" alt=\"\" class=\"wp-image-235\" srcset=\"https:\/\/xn--amerikankpikettuterrieri-ybca20c.fi\/wp-content\/uploads\/2022\/01\/Screenshot_20220115-024030__01-1024x718.jpg 1024w, https:\/\/xn--amerikankpikettuterrieri-ybca20c.fi\/wp-content\/uploads\/2022\/01\/Screenshot_20220115-024030__01-300x210.jpg 300w, https:\/\/xn--amerikankpikettuterrieri-ybca20c.fi\/wp-content\/uploads\/2022\/01\/Screenshot_20220115-024030__01-768x539.jpg 768w, https:\/\/xn--amerikankpikettuterrieri-ybca20c.fi\/wp-content\/uploads\/2022\/01\/Screenshot_20220115-024030__01.jpg 1068w\" sizes=\"auto, (max-width: 1024px) 100vw, 1024px\" \/><\/figure>\n\n\n\n<figure class=\"wp-block-image size-large\"><img loading=\"lazy\" decoding=\"async\" width=\"1024\" height=\"730\" data-id=\"833\" src=\"https:\/\/xn--amerikankpikettuterrieri-ybca20c.fi\/wp-content\/uploads\/2022\/01\/FB_IMG_1642384715615-1-1024x730.jpg\" alt=\"\" class=\"wp-image-833\" srcset=\"https:\/\/xn--amerikankpikettuterrieri-ybca20c.fi\/wp-content\/uploads\/2022\/01\/FB_IMG_1642384715615-1-1024x730.jpg 1024w, https:\/\/xn--amerikankpikettuterrieri-ybca20c.fi\/wp-content\/uploads\/2022\/01\/FB_IMG_1642384715615-1-300x214.jpg 300w, https:\/\/xn--amerikankpikettuterrieri-ybca20c.fi\/wp-content\/uploads\/2022\/01\/FB_IMG_1642384715615-1-768x548.jpg 768w, https:\/\/xn--amerikankpikettuterrieri-ybca20c.fi\/wp-content\/uploads\/2022\/01\/FB_IMG_1642384715615-1.jpg 1043w\" sizes=\"auto, (max-width: 1024px) 100vw, 1024px\" \/><\/figure>\n<figcaption class=\"blocks-gallery-caption wp-element-caption\">Kuvat \u00a9 Anu-Johanna Pihkanen<\/figcaption><\/figure>\n\n\n\n<p><\/p>\n\n\n\n<p><strong><mark style=\"background-color:rgba(0, 0, 0, 0)\" class=\"has-inline-color has-orange-color\">Luonne<\/mark><\/strong><\/p>\n\n\n\n<p><mark style=\"background-color:rgba(0, 0, 0, 0)\" class=\"has-inline-color has-black-color\">Amerikank\u00e4\u00e4pi\u00f6kettuterrierit ovat rohkeita, iloisia ja leikkisi\u00e4, jopa hieman kissamaisia. Ne ovat omille ihmisilleen hyvin lojaaleja ja rakastavia. Vieraita kohtaan yleisesti ottaen iloisia, mutta osa saattaa olla pid\u00e4ttyv\u00e4isempi\u00e4 tai v\u00e4linpit\u00e4m\u00e4tt\u00f6mi\u00e4. Amerikank\u00e4\u00e4pi\u00f6kettuterrierit tulevat helposti toimeen muiden el\u00e4inten kanssa ja sopivat my\u00f6s lapsiperheeseen. Pienten lasten perheeseen on kuitenkin j\u00e4rkev\u00e4\u00e4 harkita rotua tarkoin sen pienen koon vuoksi.<\/mark><\/p>\n\n\n\n<p class=\"has-black-color has-text-color\"><mark style=\"background-color:rgba(0, 0, 0, 0)\" class=\"has-inline-color has-black-color\">Osalla rodusta saattaa esiinty\u00e4 enemm\u00e4n puolustus- ja vahtivietti\u00e4 omaa reviiri\u00e4\u00e4n kohtaan kuin toisilla. Reviiritietoisuudesta johtuen my\u00f6s haukkuherkkyytt\u00e4 esiintyy jonkin verran ja koiran haukkumiseen kannattaa puuttua heti pennusta l\u00e4htien. Amerikank\u00e4\u00e4pi\u00f6kettuterrierit eiv\u00e4t ole kuitenkaan turhia r\u00e4ksytt\u00e4m\u00e4\u00e4n, mutta ilmoittavat kyll\u00e4, kun joku tulee kotiin ja osa saattaa ulkona haukkua enemm\u00e4nkin, esimerkiksi ohi ajaville py\u00f6r\u00e4ilijoille tai kova\u00e4\u00e4nisille mopoille. <\/mark>Rodun alkuper\u00e4n huomioiden, saalistusvietti\u00e4 on toisilla yksil\u00f6ill\u00e4 enemm\u00e4n pieni\u00e4 jyrsij\u00f6it\u00e4 sek\u00e4 lintuja kohtaan, joten koiran turvallisuuden vuoksi on t\u00e4rke\u00e4\u00e4 opettaa luoksetulo jo koiran ollessa pieni.<\/p>\n\n\n\n<h5 class=\"wp-block-heading\"><mark style=\"background-color:rgba(0, 0, 0, 0)\" class=\"has-inline-color has-orange-color\">Amerikank\u00e4\u00e4pi\u00f6kettuterrierit kaipaavat koostaan huolimatta virikkeit\u00e4 ja liikuntaa, joten t\u00e4ysin sohvaperunoiksi n\u00e4ist\u00e4 ei ole, vaikka viihtyv\u00e4tkin peiton alla varsinkin kylmill\u00e4 ilmoilla.<\/mark><br><\/h5>\n\n\n\n<p><strong><span class=\"has-inline-color has-orange-color\">Hoito ja terveys<\/span><\/strong><\/p>\n\n\n\n<p class=\"has-black-color has-text-color\"><mark style=\"background-color:rgba(0, 0, 0, 0)\" class=\"has-inline-color has-black-color\">Amerikank\u00e4\u00e4pi\u00f6kettuterrierin turkin hoito on helppoa. Turkki tarvitsee pest\u00e4 vain silloin kun koira on oikeasti likainen. Kurakeleill\u00e4kin riitt\u00e4\u00e4 vain tassujen ja mahanalusen vesipesu. Harjaus kannattaa tehd\u00e4 v\u00e4hint\u00e4\u00e4n kahdesti vuodessa karvan vaihtuessa, kev\u00e4\u00e4ll\u00e4 ja syksyll\u00e4. Karvaa irtoaa kuitenkin yll\u00e4tt\u00e4v\u00e4n paljon ymp\u00e4ri vuoden. Amerikank\u00e4\u00e4pi\u00f6kettuterrierin karva on lyhytt\u00e4 ja sile\u00e4\u00e4, joten kovilla pakkasilla se tarvitsee p\u00e4\u00e4llens\u00e4 vaatteet. Tassuissakaan ei karvoja ole juuri l\u00e4mmitt\u00e4m\u00e4\u00e4n ja suojaamaan, joten tossut ovat my\u00f6s hyv\u00e4 valinta kovemmille pakkasille tai pidemmille lenkeille. Tossut kuitenkin suojaavat niin kosteudelta, tiesuolalta, lasinsiruilta sek\u00e4 hiekotussoralta<\/mark>kin.<\/p>\n\n\n\n<p><mark style=\"background-color:rgba(0, 0, 0, 0)\" class=\"has-inline-color has-black-color\">Amerikank\u00e4\u00e4pi\u00f6kettuterrierit ovat persoja ruualle ja saavat helposti ylipainoa, joten oikeanlaisesta ruokinnasta ja riitt\u00e4v\u00e4st\u00e4 liikunnasta on hyv\u00e4 pit\u00e4\u00e4 huolta, sill\u00e4 ylipaino mille tahansa koiralle on ep\u00e4mukavaa ja suuri terveysriski.<\/mark> <mark style=\"background-color:rgba(0, 0, 0, 0)\" class=\"has-inline-color has-black-color\">N\u00e4in pienelle rodulle esimerkiksi 100-200 gramman ylipaino on jo merkitt\u00e4v\u00e4.<\/mark><\/p>\n\n\n\n<p><mark style=\"background-color:rgba(0, 0, 0, 0)\" class=\"has-inline-color has-black-color\">Amerikank\u00e4\u00e4pi\u00f6kettuterrierin keskim\u00e4\u00e4r\u00e4inen elinik\u00e4 on 13-15 vuotta. Rotu ei kuulu PEVISA-ohjelmaan, mutta jalostuskoirilta tutkitaan silm\u00e4t ja polvet. My\u00f6s auskultaatiotutkimus eli syd\u00e4men kuuntelu on jalostuskoirille suositeltavaa.<\/mark><br><\/p>\n\n\n\n<p><strong><span class=\"has-inline-color has-orange-color\">Ulkomuoto<\/span><\/strong><\/p>\n\n\n\n<p><mark style=\"background-color:rgba(0, 0, 0, 0)\" class=\"has-inline-color has-black-color\">Amerikank\u00e4\u00e4pi\u00f6kettuterrierin s\u00e4k\u00e4korkeus on 21,5 &#8211; 29 cm ja paino vaihtelee 1,5 &#8211; 6 kg v\u00e4lill\u00e4. Rungon p\u00e4\u00e4v\u00e4ri on valkoinen, jossa on ruskeita tai mustia merkkej\u00e4. Karva on lyhytt\u00e4 ja sile\u00e4\u00e4. Viralliset v\u00e4rit ovat kolmiv\u00e4rinen, valko-ruskea punaruskein merkin, valko-punaruskea ja valko-musta.<\/mark><br><\/p>\n\n\n\n<p><strong><span class=\"has-inline-color has-orange-color\">Harrastukset<\/span><\/strong><\/p>\n\n\n\n<p><mark style=\"background-color:rgba(0, 0, 0, 0)\" class=\"has-inline-color has-black-color\">Amerikank\u00e4\u00e4pi\u00f6kettuterrierit ovat nykyp\u00e4iv\u00e4n\u00e4 enimm\u00e4kseen seurakoiria, mutta sopivat lajiin kuin lajiin niiden energisyyden ansiosta. Rotu on miellytt\u00e4mishaluinen ja nopea oppimaan. Pienen kokonsa vuoksi amerikank\u00e4\u00e4pi\u00f6kettuterrierit ovat eritt\u00e4in nopeita ja muutamia yksil\u00f6it\u00e4 on n\u00e4hty esimerkiksi agilityn parissa. Amerikank\u00e4\u00e4pi\u00f6kettuterrierit ovat varsin sinnikk\u00e4it\u00e4 ja jaksavat pitki\u00e4kin lenkkej\u00e4, joten moni k\u00e4y my\u00f6s vaeltamassa koiransa kanssa.<\/mark><\/p>\n","protected":false},"excerpt":{"rendered":"<p>Luonne Amerikank\u00e4\u00e4pi\u00f6kettuterrierit ovat rohkeita, iloisia ja leikkisi\u00e4, jopa hieman kissamaisia. Ne ovat omille ihmisilleen hyvin lojaaleja ja rakastavia. Vieraita kohtaan yleisesti ottaen iloisia, mutta osa saattaa olla pid\u00e4ttyv\u00e4isempi\u00e4 tai v\u00e4linpit\u00e4m\u00e4tt\u00f6mi\u00e4. Amerikank\u00e4\u00e4pi\u00f6kettuterrierit tulevat helposti toimeen muiden el\u00e4inten kanssa ja sopivat my\u00f6s lapsiperheeseen. Pienten lasten perheeseen on kuitenkin j\u00e4rkev\u00e4\u00e4 harkita rotua tarkoin sen pienen koon vuoksi. Osalla [&hellip;]<\/p>\n","protected":false},"author":3,"featured_media":0,"parent":0,"menu_order":0,"comment_status":"closed","ping_status":"closed","template":"","meta":{"site-sidebar-layout":"default","site-content-layout":"","ast-site-content-layout":"default","site-content-style":"default","site-sidebar-style":"default","ast-global-header-display":"","ast-banner-title-visibility":"","ast-main-header-display":"","ast-hfb-above-header-display":"","ast-hfb-below-header-display":"","ast-hfb-mobile-header-display":"","site-post-title":"","ast-breadcrumbs-content":"","ast-featured-img":"","footer-sml-layout":"","theme-transparent-header-meta":"","adv-header-id-meta":"","stick-header-meta":"","header-above-stick-meta":"","header-main-stick-meta":"","header-below-stick-meta":"","astra-migrate-meta-layouts":"set","ast-page-background-enabled":"default","ast-page-background-meta":{"desktop":{"background-color":"var(--ast-global-color-4)","background-image":"","background-repeat":"repeat","background-position":"center center","background-size":"auto","background-attachment":"scroll","background-type":"","background-media":"","overlay-type":"","overlay-color":"","overlay-opacity":"","overlay-gradient":""},"tablet":{"background-color":"","background-image":"","background-repeat":"repeat","background-position":"center center","background-size":"auto","background-attachment":"scroll","background-type":"","background-media":"","overlay-type":"","overlay-color":"","overlay-opacity":"","overlay-gradient":""},"mobile":{"background-color":"","background-image":"","background-repeat":"repeat","background-position":"center center","background-size":"auto","background-attachment":"scroll","background-type":"","background-media":"","overlay-type":"","overlay-color":"","overlay-opacity":"","overlay-gradient":""}},"ast-content-background-meta":{"desktop":{"background-color":"var(--ast-global-color-5)","background-image":"","background-repeat":"repeat","background-position":"center center","background-size":"auto","background-attachment":"scroll","background-type":"","background-media":"","overlay-type":"","overlay-color":"","overlay-opacity":"","overlay-gradient":""},"tablet":{"background-color":"var(--ast-global-color-5)","background-image":"","background-repeat":"repeat","background-position":"center center","background-size":"auto","background-attachment":"scroll","background-type":"","background-media":"","overlay-type":"","overlay-color":"","overlay-opacity":"","overlay-gradient":""},"mobile":{"background-color":"var(--ast-global-color-5)","background-image":"","background-repeat":"repeat","background-position":"center center","background-size":"auto","background-attachment":"scroll","background-type":"","background-media":"","overlay-type":"","overlay-color":"","overlay-opacity":"","overlay-gradient":""}},"footnotes":""},"class_list":["post-19","page","type-page","status-publish","hentry"],"_links":{"self":[{"href":"https:\/\/xn--amerikankpikettuterrieri-ybca20c.fi\/index.php\/wp-json\/wp\/v2\/pages\/19","targetHints":{"allow":["GET"]}}],"collection":[{"href":"https:\/\/xn--amerikankpikettuterrieri-ybca20c.fi\/index.php\/wp-json\/wp\/v2\/pages"}],"about":[{"href":"https:\/\/xn--amerikankpikettuterrieri-ybca20c.fi\/index.php\/wp-json\/wp\/v2\/types\/page"}],"author":[{"embeddable":true,"href":"https:\/\/xn--amerikankpikettuterrieri-ybca20c.fi\/index.php\/wp-json\/wp\/v2\/users\/3"}],"replies":[{"embeddable":true,"href":"https:\/\/xn--amerikankpikettuterrieri-ybca20c.fi\/index.php\/wp-json\/wp\/v2\/comments?post=19"}],"version-history":[{"count":46,"href":"https:\/\/xn--amerikankpikettuterrieri-ybca20c.fi\/index.php\/wp-json\/wp\/v2\/pages\/19\/revisions"}],"predecessor-version":[{"id":1434,"href":"https:\/\/xn--amerikankpikettuterrieri-ybca20c.fi\/index.php\/wp-json\/wp\/v2\/pages\/19\/revisions\/1434"}],"wp:attachment":[{"href":"https:\/\/xn--amerikankpikettuterrieri-ybca20c.fi\/index.php\/wp-json\/wp\/v2\/media?parent=19"}],"curies":[{"name":"wp","href":"https:\/\/api.w.org\/{rel}","templated":true}]}}