{"id":148,"date":"2022-01-14T20:22:14","date_gmt":"2022-01-14T20:22:14","guid":{"rendered":"https:\/\/xn--amerikankpikettuterrieri-ybca20c.fi\/?page_id=148"},"modified":"2026-01-24T13:56:10","modified_gmt":"2026-01-24T11:56:10","slug":"rotumaaritelma","status":"publish","type":"page","link":"https:\/\/xn--amerikankpikettuterrieri-ybca20c.fi\/index.php\/rotumaaritelma\/","title":{"rendered":"Rotum\u00e4\u00e4ritelm\u00e4"},"content":{"rendered":"\n<p class=\"has-black-color has-text-color\"><em><mark style=\"background-color:rgba(0, 0, 0, 0)\" class=\"has-inline-color has-black-color\">L\u00e4hde: Suomen Kennelliitto<\/mark><\/em><br><em>Kuva \u00a9 Anu-Johanna Pihkanen, muokkaus Maria Rautakoski<\/em><\/p>\n\n\n\n<figure class=\"wp-block-image alignright size-full is-resized is-style-default\"><img loading=\"lazy\" decoding=\"async\" width=\"802\" height=\"688\" src=\"https:\/\/xn--amerikankpikettuterrieri-ybca20c.fi\/wp-content\/uploads\/2022\/01\/rotu.jpg\" alt=\"\" class=\"wp-image-855\" style=\"width:393px;height:337px\" srcset=\"https:\/\/xn--amerikankpikettuterrieri-ybca20c.fi\/wp-content\/uploads\/2022\/01\/rotu.jpg 802w, https:\/\/xn--amerikankpikettuterrieri-ybca20c.fi\/wp-content\/uploads\/2022\/01\/rotu-300x257.jpg 300w, https:\/\/xn--amerikankpikettuterrieri-ybca20c.fi\/wp-content\/uploads\/2022\/01\/rotu-768x659.jpg 768w\" sizes=\"auto, (max-width: 802px) 100vw, 802px\" \/><\/figure>\n\n\n\n<p class=\"has-black-color has-text-color\"><strong><mark style=\"background-color:rgba(0, 0, 0, 0)\" class=\"has-inline-color has-orange-color\">AMERIKANK\u00c4\u00c4PI\u00d6KETTUTERRIERI <\/mark><\/strong><mark style=\"background-color:rgba(0, 0, 0, 0)\" class=\"has-inline-color has-black-color\"><br>(AMERICAN TOY FOX TERRIER)<br>Alkuper\u00e4maa: USA<br><br><\/mark><mark style=\"background-color:rgba(0, 0, 0, 0)\" class=\"has-inline-color has-orange-color\"><strong>K\u00c4YTT\u00d6TARKOITUS:<\/strong> <\/mark><mark style=\"background-color:rgba(0, 0, 0, 0)\" class=\"has-inline-color has-black-color\">Seurakoira.<br><\/mark><strong><mark style=\"background-color:rgba(0, 0, 0, 0)\" class=\"has-inline-color has-orange-color\">FCI:N LUOKITUS:<\/mark><\/strong><mark style=\"background-color:rgba(0, 0, 0, 0)\" class=\"has-inline-color has-black-color\"> Ei FCI-rotu<br>Ryhm\u00e4 3<\/mark>: Terrierit<br><br><strong><mark style=\"background-color:rgba(0, 0, 0, 0)\" class=\"has-inline-color has-orange-color\">LYHYT HISTORIAOSUUS:<\/mark><\/strong><mark style=\"background-color:rgba(0, 0, 0, 0)\" class=\"has-inline-color has-black-color\"> T\u00e4m\u00e4n amerikkalaisen rodun kehitt\u00e4misess\u00e4 on k\u00e4ytetty useita pienikokoisia rotuja kuten k\u00e4\u00e4pi\u00f6pinseri, italianvinttikoira, chihuahua ja manchesterinterrieri. T\u00e4m\u00e4n seurauksena syntynyt koira, amerikank\u00e4\u00e4pi\u00f6kettuterrieri, on saanut sek\u00e4 terrierien rohkeutta ett\u00e4 muiden k\u00e4ytettyjen rotujen pehme\u00e4mp\u00e4\u00e4 ja sopeutuvampaa luonnetta.<\/mark><br><mark style=\"background-color:rgba(0, 0, 0, 0)\" class=\"has-inline-color has-black-color\"><br><\/mark><strong><mark style=\"background-color:rgba(0, 0, 0, 0)\" class=\"has-inline-color has-orange-color\">YLEISVAIKUTELMA:<\/mark><\/strong><mark style=\"background-color:rgba(0, 0, 0, 0)\" class=\"has-inline-color has-black-color\"> Ominaisuuksiltaan ja luonteeltaan k\u00e4\u00e4pi\u00f6koiran ja terrierin yhdistelm\u00e4. Terrierin piirteit\u00e4 ovat \u00e4lykkyys, rohkeus ja vilkkaus, k\u00e4\u00e4pi\u00f6koiran piirteit\u00e4 puolestaan pieni koko ja rajaton, omistautuva rakkaus omistajaa kohtaan. Tasapainoinen, urheilullinen k\u00e4\u00e4pi\u00f6koira, jonka ulkomuodossa on sek\u00e4 suloutta ett\u00e4 ketteryytt\u00e4 kuin my\u00f6s voimaa ja sisukkuuttakin. Se on notkea ja lihaksikas, \u00e4\u00e4riviivoiltaan tyylik\u00e4s ja sill\u00e4 on vaivattomat liikkeet<\/mark> <mark style=\"background-color:rgba(0, 0, 0, 0)\" class=\"has-inline-color has-black-color\">ja loputon kest\u00e4vyys. Koira on karvaltaan helppohoitoinen ja sill\u00e4 on eloisa ja valpas luonne. Tyypillisi\u00e4 piirteit\u00e4 ovat elegantti, suurimmaksi osaksi v\u00e4rittynyt p\u00e4\u00e4, lyhyt, kiilt\u00e4v\u00e4 valkovoittoinen karvapeite ja lyhyt korkealle kiinnittynyt h\u00e4nt\u00e4.<\/mark><br><mark style=\"background-color:rgba(0, 0, 0, 0)\" class=\"has-inline-color has-black-color\"><br><\/mark><strong><mark style=\"background-color:rgba(0, 0, 0, 0)\" class=\"has-inline-color has-orange-color\">LUONNE JA K\u00c4YTT\u00c4YTYMINEN:<\/mark><\/strong><mark style=\"background-color:rgba(0, 0, 0, 0)\" class=\"has-inline-color has-black-color\"> \u00c4lyk\u00e4s, valpas ja yst\u00e4v\u00e4llinen, uskollinen omistajalleen. Nopea oppimaan, miellytt\u00e4mishaluinen ja sopeutuva. Terrierien tavoin se on itsen\u00e4inen, eloisa, m\u00e4\u00e4r\u00e4tietoinen ja rohkea. Hyvin vilkas k\u00e4\u00e4pi\u00f6koira, joka on hauska ja leikkis\u00e4 koko el\u00e4m\u00e4ns\u00e4 ajan. Terrierim\u00e4isen luonteen ja k\u00e4ytt\u00e4ytymisen puute on virhe.<\/mark><\/p>\n\n\n\n<p><strong><span class=\"has-inline-color has-orange-color\">T\u00c4RKEIT\u00c4 MITTASUHTEITA:<\/span><\/strong><span class=\"has-inline-color has-black-color\"> Mittasuhteiltaan neli\u00f6m\u00e4inen, s\u00e4k\u00e4korkeus suunnilleen sama kuin rungon pituus mitattuna olkanivelen k\u00e4rjest\u00e4 istuinluun k\u00e4rkeen. Nartut voivat olla rungoltaan hieman pitempi\u00e4. Luusto voimakas, mutta ei liioiteltu ja aina suhteessa kokoon, t\u00e4rkeint\u00e4 on tasapainoinen<\/span> <span class=\"has-inline-color has-black-color\">kokonaisuus.<\/span><\/p>\n\n\n\n<p class=\"has-black-color has-text-color\"><strong><span class=\"has-inline-color has-orange-color\">P\u00c4\u00c4:<\/span><\/strong><span class=\"has-inline-color has-black-color\"> Elegantti, tasapainoinen ja ilmeik\u00e4s, ei koskaan karkea. Kallo ja kuono ovat yht\u00e4 pitk\u00e4t. Edest\u00e4 katsottuna p\u00e4\u00e4 levenee v\u00e4hitellen kirsusta korvien tyve\u00e4 kohti. Omenap\u00e4\u00e4 on virhe. Ilme on \u00e4lyk\u00e4s, valpas, innokas ja kiinnostunut.<br><\/span><strong><span class=\"has-inline-color has-orange-color\">Kallo:<\/span><\/strong><span class=\"has-inline-color has-black-color\"> Kohtuullisen leve\u00e4, hieman py\u00f6ristyv\u00e4 ja pehme\u00e4sti kiilanmuotoinen.<\/span><br><strong><span class=\"has-inline-color has-orange-color\">Otsapenger:<\/span><\/strong><span class=\"has-inline-color has-black-color\"><strong> <\/strong>Kohtuullinen, hieman viett\u00e4v\u00e4.<br><\/span><strong><span class=\"has-inline-color has-orange-color\">Posket:<\/span><\/strong><span class=\"has-inline-color has-black-color\"> Litte\u00e4t ja lihaksikkaat, silmien alta hyvin t\u00e4yttyneet.<br><\/span><strong><span class=\"has-inline-color has-orange-color\">Kuono: <\/span><\/strong><span class=\"has-inline-color has-black-color\">Voimakas ennemmin kuin siro, suhteessa p\u00e4\u00e4n kokonaisuuteen. Kuonon ja kallon yl\u00e4linjat yhdensuuntaiset.<br><\/span><strong><span class=\"has-inline-color has-orange-color\">Kirsu:<\/span><\/strong><span class=\"has-inline-color has-black-color\"> Musta; suklaanv\u00e4risill\u00e4 sallitaan ruskea kirsu.<br><\/span><span class=\"has-inline-color has-orange-color\"><strong>Huulet:<\/strong> <\/span><span class=\"has-inline-color has-black-color\">Pienet ja tiiviit.<br><\/span><strong><span class=\"has-inline-color has-orange-color\">Hampaat \/ purenta:<\/span><\/strong><span class=\"has-inline-color has-black-color\"><strong> <\/strong>T\u00e4ydellinen hampaisto, voimakkaat valkoiset hampaat ja s\u00e4\u00e4nn\u00f6llinen leikkaava purenta ovat toivottavia. Irronneista hampaista ei tule alentaa arvosanaa, kunhan oikean purennan voi tarkistaa.<br><\/span><strong><span class=\"has-inline-color has-orange-color\">Silm\u00e4t:<\/span><\/strong><span class=\"has-inline-color has-black-color\"> Kirkkaat ja tummat, t\u00e4ytel\u00e4iset, py\u00f6re\u00e4t ja hieman ulkonevat mutta eiv\u00e4t koskaan pullistuneet. Tummat silm\u00e4nymp\u00e4rykset (paitsi suklaanruskeilla, joiden silm\u00e4nymp\u00e4rykset ovat suklaanruskeat). Silmien ilme on pehme\u00e4 ja \u00e4lyk\u00e4s. Silm\u00e4t sijaitsevat kaukana toisistaan, eiv\u00e4t ole vinot ja asettuvat hyvin silm\u00e4kuoppaan.<br><\/span><strong><span class=\"has-inline-color has-orange-color\">Korvat: <\/span><\/strong><span class=\"has-inline-color has-black-color\">Pystyt, ter\u00e4v\u00e4k\u00e4rkiset, k\u00e4\u00e4nnetyn V-kirjaimen muotoiset, kiinnittyneet korkealle ja l\u00e4hekk\u00e4in mutta eiv\u00e4t koskaan kosketa toisiaan. Korvien koko suhteessa p\u00e4\u00e4h\u00e4n ja runkoon.<\/span><\/p>\n\n\n\n<p><strong><span class=\"has-inline-color has-orange-color\">KAULA:<\/span><\/strong><span class=\"has-inline-color has-black-color\"> Kuiva, lihaksikas ja ylv\u00e4\u00e4sti pystyasentoinen. Kauniisti hieman kaartuva niskalinja liittyy sulavasti lapoihin. Ei l\u00f6ys\u00e4\u00e4 kaulanahkaa. Kaula ja p\u00e4\u00e4 ovat suunnilleen yht\u00e4 pitk\u00e4t.<\/span><br><br><strong><span class=\"has-inline-color has-orange-color\">RUNKO:<\/span><\/strong><span class=\"has-inline-color has-black-color\"><strong> <\/strong>Selk\u00e4linja on vaakasuora sek\u00e4 seistess\u00e4 ett\u00e4 liikkeess\u00e4. Runko on tasapainoinen ja kapenee hieman kylkiluista kupeeseen.<br><\/span><strong><span class=\"has-inline-color has-orange-color\">Rintakeh\u00e4: <\/span><\/strong><span class=\"has-inline-color has-black-color\">Syv\u00e4 ja lihaksikas, kyyn\u00e4rp\u00e4iden tasolle ulottuva. Hyvin kaartuvatkylkiluut.<br><\/span><strong><span class=\"has-inline-color has-orange-color\">Eturinta:<\/span><\/strong><span class=\"has-inline-color has-black-color\"> Hyvin kehittynyt.<br><\/span><strong><span class=\"has-inline-color has-orange-color\">Selk\u00e4:<\/span><\/strong><span class=\"has-inline-color has-black-color\"> Suora, tasainen ja lihaksikas. Lyhyt, voimakas lanneosa, alalinja kohtuullisesti ja tyylikk\u00e4\u00e4sti kohoava.<br><\/span><span class=\"has-inline-color has-orange-color\"><strong>Lantio:<\/strong> <\/span><span class=\"has-inline-color has-black-color\">Selk\u00e4linjan jatkeena, pakarat py\u00f6ristyneet.<\/span><br><span class=\"has-inline-color has-black-color\"><br><\/span><strong><span class=\"has-inline-color has-orange-color\">H\u00c4NT\u00c4:<\/span><\/strong><span class=\"has-inline-color has-black-color\"><strong> <\/strong>Korkealle kiinnittynyt ja pystyasentoinen.<\/span><\/p>\n\n\n\n<p><strong><span class=\"has-inline-color has-orange-color\">RAAJAT<\/span><\/strong><br><span class=\"has-inline-color has-orange-color\"><strong>ETURAAJAT:<\/strong><\/span><span class=\"has-inline-color has-black-color\"> Hyvin kulmautuneet, suorat ja yhdensuuntaiset.<br><\/span><strong><span class=\"has-inline-color has-orange-color\">Lavat:<\/span><\/strong><span class=\"has-inline-color has-black-color\"><strong> <\/strong>Tiiviit ja riitt\u00e4v\u00e4n lihaksikkaat mutta eiv\u00e4t raskaat. Viistot ja hyv\u00e4asentoiset.<br><\/span><span class=\"has-inline-color has-orange-color\"><strong>Kyyn\u00e4rp\u00e4\u00e4t:<\/strong> <\/span><span class=\"has-inline-color has-black-color\">Tiiviit, runkoon n\u00e4hden pystysuorat.<br><\/span><strong><span class=\"has-inline-color has-orange-color\">V\u00e4lik\u00e4mmenet:<\/span><\/strong><span class=\"has-inline-color has-black-color\"><strong> <\/strong>Vahvat ja suorat, hieman joustavat.<br><\/span><strong><span class=\"has-inline-color has-orange-color\">K\u00e4p\u00e4l\u00e4t:<\/span><\/strong><span class=\"has-inline-color has-black-color\"> Pienet ja soikeat, eiv\u00e4t sis\u00e4- eiv\u00e4tk\u00e4 ulkokierteiset. Voimakkaat, kaareutuneet ja tiiviit varpaat, vahvat p\u00e4ki\u00e4t.<br><\/span><strong><span class=\"has-inline-color has-orange-color\">TAKARAAJAT:<\/span><\/strong><span class=\"has-inline-color has-black-color\"> Hyvin kulmautuneet, vahvat ja lihaksikkaat. Takaa katsoen yhdensuuntaiset, eiv\u00e4t sis\u00e4- eiv\u00e4tk\u00e4 ulkokierteiset.<br><\/span><strong><span class=\"has-inline-color has-orange-color\">Reidet ja s\u00e4\u00e4ret:<\/span><\/strong><span class=\"has-inline-color has-black-color\"><strong> <\/strong>Voimakkaat, lihaksikkaat ja pitk\u00e4t.<br><\/span><strong><span class=\"has-inline-color has-orange-color\">Polvet:<\/span><\/strong><span class=\"has-inline-color has-black-color\"> Hyvin kulmautuneet.<br><\/span><strong><span class=\"has-inline-color has-orange-color\">Kintereet:<\/span><\/strong><span class=\"has-inline-color has-black-color\"> Matalat ja tiiviit.<br><\/span><strong><span class=\"has-inline-color has-orange-color\">V\u00e4lijalat:<\/span><\/strong><span class=\"has-inline-color has-black-color\"><strong> <\/strong>Pystysuorat.<br><\/span><strong><span class=\"has-inline-color has-orange-color\">K\u00e4p\u00e4l\u00e4t:<\/span><\/strong><span class=\"has-inline-color has-black-color\"> Kuten etuk\u00e4p\u00e4l\u00e4t.<\/span><\/p>\n\n\n\n<p><strong><span class=\"has-inline-color has-orange-color\">LIIKKEET:<\/span><\/strong><span class=\"has-inline-color has-black-color\"> Sulavat ja vaivattomat, maatavoittavat, voimakas taka-askel. My\u00f6s liikkeess\u00e4 selk\u00e4linjan tulee olla suora ja p\u00e4\u00e4n sek\u00e4 h\u00e4nn\u00e4n pystyasentoiset. Korkea, ns.hackney-liikunta on virheellinen.<\/span><\/p>\n\n\n\n<p><strong><span class=\"has-inline-color has-orange-color\">KARVAPEITE:<\/span><\/strong><br><strong><span class=\"has-inline-color has-orange-color\">KARVA:<\/span><\/strong><span class=\"has-inline-color has-black-color\"><strong> <\/strong>Kiilt\u00e4v\u00e4 ja hienolaatuinen, satiinimainen, sile\u00e4lt\u00e4 tuntuva. Se peitt\u00e4\u00e4 koko rungon ja sill\u00e4 voi olla v\u00e4h\u00e4inen kauluri<br><\/span><strong><span class=\"has-inline-color has-orange-color\">V\u00c4RI:<\/span><\/strong><span class=\"has-inline-color has-black-color\"><br><\/span><strong><span class=\"has-inline-color has-orange-color\">Kolmiv\u00e4rinen:<\/span><\/strong><span class=\"has-inline-color has-black-color\"><strong> <\/strong>P\u00e4\u00e4n vallitseva v\u00e4ri on musta, selv\u00e4piirteiset punaruskeat (tan) merkit poskissa, huulissa ja silmien yl\u00e4puolella. Rungon vallitseva v\u00e4ri on valkoinen (yli 50 %), rungossa voi olla mustia l\u00e4iski\u00e4. <\/span><br><strong><span class=\"has-inline-color has-orange-color\">Valko-ruskea punaruskein merkein:<\/span><\/strong><span class=\"has-inline-color has-black-color\"><strong> <\/strong>P\u00e4\u00e4n vallitseva v\u00e4ri on suklaanruskea, selv\u00e4piirteiset punaruskeat (tan) merkit poskissa, huulissa ja silmien yl\u00e4puolella. Rungon vallitseva v\u00e4ri on valkoinen (yli 50 %), rungossa voi olla suklaanruskeita l\u00e4iski\u00e4.<br><\/span><strong><span class=\"has-inline-color has-orange-color\">Valko-punaruskea:<\/span><\/strong><span class=\"has-inline-color has-black-color\"><strong> <\/strong>P\u00e4\u00e4n vallitseva v\u00e4ri on punaruskea (tan). Rungon vallitseva v\u00e4ri on valkoinen (yli 50 %), rungossa voi olla punaruskeita l\u00e4iski\u00e4.<br><\/span><span class=\"has-inline-color has-orange-color\"><strong>Valko-musta:<\/strong> <\/span><span class=\"has-inline-color has-black-color\">P\u00e4\u00e4n vallitseva v\u00e4ri on musta. Rungon vallitseva v\u00e4ri on valkoinen (yli 50 %), rungossa voi olla mustia l\u00e4iski\u00e4.<\/span><br><span class=\"has-inline-color has-black-color\">V\u00e4rien tulee olla syv\u00e4t ja kirkkaat. Otsapiirto hyv\u00e4ksyt\u00e4\u00e4n, mutta se ei saa ulottua silmiin tai korviin asti. Puhdas valkoinen on toivotuin, v\u00e4h\u00e4inen pilkutus sallitaan. Mustap\u00e4isen kolmiv\u00e4risen koiran runkol\u00e4iskien tulee olla mustat, suklaanruskealla suklaanruskeat, molemmilla voi esiinty\u00e4 v\u00e4h\u00e4inen punaruskea (tan) reunus rintakeh\u00e4n ja h\u00e4nn\u00e4n alla olevissa laikuissa kuten normaalissa kaksiv\u00e4risess\u00e4 kirjavuudessa.<\/span><\/p>\n\n\n\n<p><mark style=\"background-color:rgba(0, 0, 0, 0)\" class=\"has-inline-color has-orange-color\"><strong>KOKO:<\/strong> <\/mark><mark style=\"background-color:rgba(0, 0, 0, 0)\" class=\"has-inline-color has-black-color\">S\u00e4k\u00e4korkeus 21,5 \u2013 29 cm (8,5 \u2013 11,5 tuumaa), ihannekoko 23 \u2013 28 cm (9 \u2013 11 tuumaa).<br><br><\/mark><strong><mark style=\"background-color:rgba(0, 0, 0, 0)\" class=\"has-inline-color has-orange-color\">VIRHEET:<\/mark><\/strong><mark style=\"background-color:rgba(0, 0, 0, 0)\" class=\"has-inline-color has-black-color\"> Kaikki poikkeamat edell\u00e4 mainituista kohdista luetaan virheiksi suhteutettuna virheen vakavuuteen ja sen vaikutukseen koiran terveyteen ja hyvinvointiin.<br>\u2022 Omenap\u00e4\u00e4<br>\u2022 Korkea ns. hackney-liikunta.<br>\u2022 Kyyn\u00e4rp\u00e4\u00e4n tai kintereen alapuolelle ulottuva v\u00e4ritys (muu kuin pilkutus).<\/mark><\/p>\n\n\n\n<p><strong><span class=\"has-inline-color has-orange-color\">HYLK\u00c4\u00c4V\u00c4T VIRHEET:<\/span><\/strong><span class=\"has-inline-color has-black-color\"><br>\u2022 Vihaisuus tai liiallinen arkuus<br>\u2022 Selv\u00e4sti ep\u00e4normaali rakenne tai k\u00e4ytt\u00e4ytyminen<br>\u2022 Koko alle 21,5 cm ja yli 29 cm (8,5 tuumaa \/ 11,5 tuumaa).<br>\u2022 Muut kuin pystyt korvat yli 6 kk:n ik\u00e4isill\u00e4 koirilla.<br>\u2022 Osittainenkin kirsupigmentin puutos.<br>\u2022 Alapurenta, vino purenta, yli 3 mm:n yl\u00e4purenta.<br>\u2022 Silmiin tai korviin asti ulottuva otsapiirto.<br>\u2022 Muut kuin yll\u00e4 luetellut v\u00e4riyhdistelm\u00e4t.<br>\u2022 Yli puolet koiran p\u00e4\u00e4st\u00e4 valkoinen.<br>\u2022 L\u00e4isk\u00e4t, jotka peitt\u00e4v\u00e4t yli 50 % rungosta.<br>\u2022 Eriv\u00e4riset l\u00e4isk\u00e4t p\u00e4\u00e4ss\u00e4 ja rungossa<\/span><br><span class=\"has-inline-color has-black-color\"><br><\/span><strong><span class=\"has-inline-color has-orange-color\">HUOM. <\/span><\/strong><span class=\"has-inline-color has-black-color\">Uroksilla tulee olla kaksi normaalisti kehittynytt\u00e4 kivest\u00e4 t\u00e4ysin laskeutuneina kivespussiin.<\/span><br><span class=\"has-inline-color has-black-color\"><br>Jalostukseen tulee k\u00e4ytt\u00e4\u00e4 vain toiminnallisesti ja kliinisesti terveit\u00e4 koiria, joilla on rodulle tyypillinen rakenne.<\/span><\/p>\n","protected":false},"excerpt":{"rendered":"<p>L\u00e4hde: Suomen KennelliittoKuva \u00a9 Anu-Johanna Pihkanen, muokkaus Maria Rautakoski AMERIKANK\u00c4\u00c4PI\u00d6KETTUTERRIERI (AMERICAN TOY FOX TERRIER)Alkuper\u00e4maa: USA K\u00c4YTT\u00d6TARKOITUS: Seurakoira.FCI:N LUOKITUS: Ei FCI-rotuRyhm\u00e4 3: Terrierit LYHYT HISTORIAOSUUS: T\u00e4m\u00e4n amerikkalaisen rodun kehitt\u00e4misess\u00e4 on k\u00e4ytetty useita pienikokoisia rotuja kuten k\u00e4\u00e4pi\u00f6pinseri, italianvinttikoira, chihuahua ja manchesterinterrieri. T\u00e4m\u00e4n seurauksena syntynyt koira, amerikank\u00e4\u00e4pi\u00f6kettuterrieri, on saanut sek\u00e4 terrierien rohkeutta ett\u00e4 muiden k\u00e4ytettyjen rotujen pehme\u00e4mp\u00e4\u00e4 ja [&hellip;]<\/p>\n","protected":false},"author":3,"featured_media":0,"parent":0,"menu_order":0,"comment_status":"closed","ping_status":"closed","template":"","meta":{"site-sidebar-layout":"default","site-content-layout":"","ast-site-content-layout":"default","site-content-style":"default","site-sidebar-style":"default","ast-global-header-display":"","ast-banner-title-visibility":"","ast-main-header-display":"","ast-hfb-above-header-display":"","ast-hfb-below-header-display":"","ast-hfb-mobile-header-display":"","site-post-title":"","ast-breadcrumbs-content":"","ast-featured-img":"","footer-sml-layout":"","theme-transparent-header-meta":"","adv-header-id-meta":"","stick-header-meta":"","header-above-stick-meta":"","header-main-stick-meta":"","header-below-stick-meta":"","astra-migrate-meta-layouts":"set","ast-page-background-enabled":"default","ast-page-background-meta":{"desktop":{"background-color":"var(--ast-global-color-4)","background-image":"","background-repeat":"repeat","background-position":"center center","background-size":"auto","background-attachment":"scroll","background-type":"","background-media":"","overlay-type":"","overlay-color":"","overlay-opacity":"","overlay-gradient":""},"tablet":{"background-color":"","background-image":"","background-repeat":"repeat","background-position":"center center","background-size":"auto","background-attachment":"scroll","background-type":"","background-media":"","overlay-type":"","overlay-color":"","overlay-opacity":"","overlay-gradient":""},"mobile":{"background-color":"","background-image":"","background-repeat":"repeat","background-position":"center center","background-size":"auto","background-attachment":"scroll","background-type":"","background-media":"","overlay-type":"","overlay-color":"","overlay-opacity":"","overlay-gradient":""}},"ast-content-background-meta":{"desktop":{"background-color":"var(--ast-global-color-5)","background-image":"","background-repeat":"repeat","background-position":"center center","background-size":"auto","background-attachment":"scroll","background-type":"","background-media":"","overlay-type":"","overlay-color":"","overlay-opacity":"","overlay-gradient":""},"tablet":{"background-color":"var(--ast-global-color-5)","background-image":"","background-repeat":"repeat","background-position":"center center","background-size":"auto","background-attachment":"scroll","background-type":"","background-media":"","overlay-type":"","overlay-color":"","overlay-opacity":"","overlay-gradient":""},"mobile":{"background-color":"var(--ast-global-color-5)","background-image":"","background-repeat":"repeat","background-position":"center center","background-size":"auto","background-attachment":"scroll","background-type":"","background-media":"","overlay-type":"","overlay-color":"","overlay-opacity":"","overlay-gradient":""}},"footnotes":""},"class_list":["post-148","page","type-page","status-publish","hentry"],"_links":{"self":[{"href":"https:\/\/xn--amerikankpikettuterrieri-ybca20c.fi\/index.php\/wp-json\/wp\/v2\/pages\/148","targetHints":{"allow":["GET"]}}],"collection":[{"href":"https:\/\/xn--amerikankpikettuterrieri-ybca20c.fi\/index.php\/wp-json\/wp\/v2\/pages"}],"about":[{"href":"https:\/\/xn--amerikankpikettuterrieri-ybca20c.fi\/index.php\/wp-json\/wp\/v2\/types\/page"}],"author":[{"embeddable":true,"href":"https:\/\/xn--amerikankpikettuterrieri-ybca20c.fi\/index.php\/wp-json\/wp\/v2\/users\/3"}],"replies":[{"embeddable":true,"href":"https:\/\/xn--amerikankpikettuterrieri-ybca20c.fi\/index.php\/wp-json\/wp\/v2\/comments?post=148"}],"version-history":[{"count":57,"href":"https:\/\/xn--amerikankpikettuterrieri-ybca20c.fi\/index.php\/wp-json\/wp\/v2\/pages\/148\/revisions"}],"predecessor-version":[{"id":1435,"href":"https:\/\/xn--amerikankpikettuterrieri-ybca20c.fi\/index.php\/wp-json\/wp\/v2\/pages\/148\/revisions\/1435"}],"wp:attachment":[{"href":"https:\/\/xn--amerikankpikettuterrieri-ybca20c.fi\/index.php\/wp-json\/wp\/v2\/media?parent=148"}],"curies":[{"name":"wp","href":"https:\/\/api.w.org\/{rel}","templated":true}]}}