{"id":1209,"date":"2022-09-13T16:07:52","date_gmt":"2022-09-13T14:07:52","guid":{"rendered":"https:\/\/xn--amerikankpikettuterrieri-ybca20c.fi\/?page_id=1209"},"modified":"2023-08-04T00:07:12","modified_gmt":"2023-08-03T22:07:12","slug":"cava","status":"publish","type":"page","link":"https:\/\/xn--amerikankpikettuterrieri-ybca20c.fi\/index.php\/cava\/","title":{"rendered":"Cava"},"content":{"rendered":"\n<p><\/p>\n\n\n\n<p><\/p>\n\n\n\n<p>Cava (Cassoco Lotko Freixenet 25.8.2019) muutti meille Haminasta Anu- Jo Pihkaselta.<\/p>\n\n\n\n<p><\/p>\n\n\n\n<p>Cava oli pentueen pienikokoisin, mutta sisukas neiti. H\u00e4n keksi ensimm\u00e4isen\u00e4 kuinka pentulaatikosta kiivet\u00e4\u00e4n pois ja h\u00e4nen korvansa nousi ensimm\u00e4isen\u00e4 pystyyn. Cava on viel\u00e4kin pienikokoinen rotunsa edustaja, vain 1,9kg painoinen. H\u00e4n on esikoistytt\u00f6ni silm\u00e4ter\u00e4 ja kaikista iloisin h\u00e4n on kun Ellen 8,5v saapuu kotiin. H\u00e4n my\u00f6s nukkuu tytt\u00e4reni vieress\u00e4 joka y\u00f6 ja on aina siell\u00e4 miss\u00e4 on lasten parhaat leikit.<\/p>\n\n\n\n<p><\/p>\n\n\n\n<p>Cava on ollut meill\u00e4 ihan kotikoirana, mit\u00e4 nyt tytt\u00e4ren opettamia temppuja tekev\u00e4t yhdess\u00e4 \ud83e\udd0d Cavalla ei ole allergioita ainakaan toistaiseksi.<\/p>\n\n\n\n<p>H\u00e4n rakastaa l\u00e4mp\u00f6\u00e4 ja l\u00e4heisyytt\u00e4, voisi olla aina vaan syliss\u00e4. Ei ole mik\u00e4\u00e4n pitkien matkojen lenkkeilij\u00e4, vaan eritt\u00e4in mukavuuden haluinen h\u00f6mel\u00f6 \ud83e\udd0d<\/p>\n\n\n\n<p><\/p>\n\n\n\n<figure class=\"wp-block-gallery has-nested-images columns-default is-cropped wp-block-gallery-1 is-layout-flex wp-block-gallery-is-layout-flex\">\n<figure class=\"wp-block-image size-large\"><img loading=\"lazy\" decoding=\"async\" width=\"683\" height=\"1024\" data-id=\"1233\" src=\"https:\/\/xn--amerikankpikettuterrieri-ybca20c.fi\/wp-content\/uploads\/2022\/11\/received_516059203508197-683x1024.jpeg\" alt=\"\" class=\"wp-image-1233\" srcset=\"https:\/\/xn--amerikankpikettuterrieri-ybca20c.fi\/wp-content\/uploads\/2022\/11\/received_516059203508197-683x1024.jpeg 683w, https:\/\/xn--amerikankpikettuterrieri-ybca20c.fi\/wp-content\/uploads\/2022\/11\/received_516059203508197-200x300.jpeg 200w, https:\/\/xn--amerikankpikettuterrieri-ybca20c.fi\/wp-content\/uploads\/2022\/11\/received_516059203508197-768x1152.jpeg 768w, https:\/\/xn--amerikankpikettuterrieri-ybca20c.fi\/wp-content\/uploads\/2022\/11\/received_516059203508197-1024x1536.jpeg 1024w, https:\/\/xn--amerikankpikettuterrieri-ybca20c.fi\/wp-content\/uploads\/2022\/11\/received_516059203508197.jpeg 1365w\" sizes=\"auto, (max-width: 683px) 100vw, 683px\" \/><\/figure>\n\n\n\n<figure class=\"wp-block-image size-large\"><img loading=\"lazy\" decoding=\"async\" width=\"683\" height=\"1024\" data-id=\"1234\" src=\"https:\/\/xn--amerikankpikettuterrieri-ybca20c.fi\/wp-content\/uploads\/2022\/11\/received_659873125598551-683x1024.jpeg\" alt=\"\" class=\"wp-image-1234\" srcset=\"https:\/\/xn--amerikankpikettuterrieri-ybca20c.fi\/wp-content\/uploads\/2022\/11\/received_659873125598551-683x1024.jpeg 683w, https:\/\/xn--amerikankpikettuterrieri-ybca20c.fi\/wp-content\/uploads\/2022\/11\/received_659873125598551-200x300.jpeg 200w, https:\/\/xn--amerikankpikettuterrieri-ybca20c.fi\/wp-content\/uploads\/2022\/11\/received_659873125598551-768x1152.jpeg 768w, https:\/\/xn--amerikankpikettuterrieri-ybca20c.fi\/wp-content\/uploads\/2022\/11\/received_659873125598551-1024x1536.jpeg 1024w, https:\/\/xn--amerikankpikettuterrieri-ybca20c.fi\/wp-content\/uploads\/2022\/11\/received_659873125598551.jpeg 1365w\" sizes=\"auto, (max-width: 683px) 100vw, 683px\" \/><\/figure>\n\n\n\n<figure class=\"wp-block-image size-large\"><img loading=\"lazy\" decoding=\"async\" width=\"751\" height=\"1024\" data-id=\"1235\" src=\"https:\/\/xn--amerikankpikettuterrieri-ybca20c.fi\/wp-content\/uploads\/2022\/11\/received_869857207702875-751x1024.jpeg\" alt=\"\" class=\"wp-image-1235\" srcset=\"https:\/\/xn--amerikankpikettuterrieri-ybca20c.fi\/wp-content\/uploads\/2022\/11\/received_869857207702875-751x1024.jpeg 751w, https:\/\/xn--amerikankpikettuterrieri-ybca20c.fi\/wp-content\/uploads\/2022\/11\/received_869857207702875-220x300.jpeg 220w, https:\/\/xn--amerikankpikettuterrieri-ybca20c.fi\/wp-content\/uploads\/2022\/11\/received_869857207702875-768x1047.jpeg 768w, https:\/\/xn--amerikankpikettuterrieri-ybca20c.fi\/wp-content\/uploads\/2022\/11\/received_869857207702875-1127x1536.jpeg 1127w, https:\/\/xn--amerikankpikettuterrieri-ybca20c.fi\/wp-content\/uploads\/2022\/11\/received_869857207702875.jpeg 1502w\" sizes=\"auto, (max-width: 751px) 100vw, 751px\" \/><\/figure>\n<\/figure>\n\n\n\n<p><\/p>\n\n\n\n<p>Kuvat ja teksti Dalla Hankala<\/p>\n","protected":false},"excerpt":{"rendered":"<p>Cava (Cassoco Lotko Freixenet 25.8.2019) muutti meille Haminasta Anu- Jo Pihkaselta. Cava oli pentueen pienikokoisin, mutta sisukas neiti. H\u00e4n keksi ensimm\u00e4isen\u00e4 kuinka pentulaatikosta kiivet\u00e4\u00e4n pois ja h\u00e4nen korvansa nousi ensimm\u00e4isen\u00e4 pystyyn. Cava on viel\u00e4kin pienikokoinen rotunsa edustaja, vain 1,9kg painoinen. H\u00e4n on esikoistytt\u00f6ni silm\u00e4ter\u00e4 ja kaikista iloisin h\u00e4n on kun Ellen 8,5v saapuu kotiin. H\u00e4n [&hellip;]<\/p>\n","protected":false},"author":3,"featured_media":0,"parent":0,"menu_order":0,"comment_status":"closed","ping_status":"closed","template":"","meta":{"site-sidebar-layout":"default","site-content-layout":"","ast-site-content-layout":"default","site-content-style":"default","site-sidebar-style":"default","ast-global-header-display":"","ast-banner-title-visibility":"","ast-main-header-display":"","ast-hfb-above-header-display":"","ast-hfb-below-header-display":"","ast-hfb-mobile-header-display":"","site-post-title":"","ast-breadcrumbs-content":"","ast-featured-img":"","footer-sml-layout":"","theme-transparent-header-meta":"","adv-header-id-meta":"","stick-header-meta":"","header-above-stick-meta":"","header-main-stick-meta":"","header-below-stick-meta":"","astra-migrate-meta-layouts":"default","ast-page-background-enabled":"default","ast-page-background-meta":{"desktop":{"background-color":"var(--ast-global-color-4)","background-image":"","background-repeat":"repeat","background-position":"center center","background-size":"auto","background-attachment":"scroll","background-type":"","background-media":"","overlay-type":"","overlay-color":"","overlay-opacity":"","overlay-gradient":""},"tablet":{"background-color":"","background-image":"","background-repeat":"repeat","background-position":"center center","background-size":"auto","background-attachment":"scroll","background-type":"","background-media":"","overlay-type":"","overlay-color":"","overlay-opacity":"","overlay-gradient":""},"mobile":{"background-color":"","background-image":"","background-repeat":"repeat","background-position":"center center","background-size":"auto","background-attachment":"scroll","background-type":"","background-media":"","overlay-type":"","overlay-color":"","overlay-opacity":"","overlay-gradient":""}},"ast-content-background-meta":{"desktop":{"background-color":"var(--ast-global-color-5)","background-image":"","background-repeat":"repeat","background-position":"center center","background-size":"auto","background-attachment":"scroll","background-type":"","background-media":"","overlay-type":"","overlay-color":"","overlay-opacity":"","overlay-gradient":""},"tablet":{"background-color":"var(--ast-global-color-5)","background-image":"","background-repeat":"repeat","background-position":"center center","background-size":"auto","background-attachment":"scroll","background-type":"","background-media":"","overlay-type":"","overlay-color":"","overlay-opacity":"","overlay-gradient":""},"mobile":{"background-color":"var(--ast-global-color-5)","background-image":"","background-repeat":"repeat","background-position":"center center","background-size":"auto","background-attachment":"scroll","background-type":"","background-media":"","overlay-type":"","overlay-color":"","overlay-opacity":"","overlay-gradient":""}},"footnotes":""},"class_list":["post-1209","page","type-page","status-publish","hentry"],"_links":{"self":[{"href":"https:\/\/xn--amerikankpikettuterrieri-ybca20c.fi\/index.php\/wp-json\/wp\/v2\/pages\/1209","targetHints":{"allow":["GET"]}}],"collection":[{"href":"https:\/\/xn--amerikankpikettuterrieri-ybca20c.fi\/index.php\/wp-json\/wp\/v2\/pages"}],"about":[{"href":"https:\/\/xn--amerikankpikettuterrieri-ybca20c.fi\/index.php\/wp-json\/wp\/v2\/types\/page"}],"author":[{"embeddable":true,"href":"https:\/\/xn--amerikankpikettuterrieri-ybca20c.fi\/index.php\/wp-json\/wp\/v2\/users\/3"}],"replies":[{"embeddable":true,"href":"https:\/\/xn--amerikankpikettuterrieri-ybca20c.fi\/index.php\/wp-json\/wp\/v2\/comments?post=1209"}],"version-history":[{"count":6,"href":"https:\/\/xn--amerikankpikettuterrieri-ybca20c.fi\/index.php\/wp-json\/wp\/v2\/pages\/1209\/revisions"}],"predecessor-version":[{"id":1321,"href":"https:\/\/xn--amerikankpikettuterrieri-ybca20c.fi\/index.php\/wp-json\/wp\/v2\/pages\/1209\/revisions\/1321"}],"wp:attachment":[{"href":"https:\/\/xn--amerikankpikettuterrieri-ybca20c.fi\/index.php\/wp-json\/wp\/v2\/media?parent=1209"}],"curies":[{"name":"wp","href":"https:\/\/api.w.org\/{rel}","templated":true}]}}