{"id":1208,"date":"2022-09-13T16:07:52","date_gmt":"2022-09-13T14:07:52","guid":{"rendered":"https:\/\/xn--amerikankpikettuterrieri-ybca20c.fi\/?page_id=1208"},"modified":"2023-08-04T00:13:36","modified_gmt":"2023-08-03T22:13:36","slug":"chili","status":"publish","type":"page","link":"https:\/\/xn--amerikankpikettuterrieri-ybca20c.fi\/index.php\/chili\/","title":{"rendered":"Chili"},"content":{"rendered":"\n<p>(kuvat tulee my\u00f6hemmin)<\/p>\n\n\n\n<p><\/p>\n\n\n\n<p>Chili (Senefi\u2019s Inky Cayanne 9.3.2009) muutti meille vuonna 2009 Helsingist\u00e4, Emma Mussalolta. Chili tuli alunperin sijoitukseen, mutta pentusuunnitelmat tyss\u00e4si vakavaan kohtutulehdukseen ja n\u00e4in kohdunpoistoon.<\/p>\n\n\n\n<p><\/p>\n\n\n\n<h5 class=\"wp-block-heading\">Chili oli maailman kuuliaisin ja miellytt\u00e4mishaluisin koira, johon olen t\u00f6rm\u00e4nnyt. My\u00f6s eritt\u00e4in koira- ja ihmisl\u00e4heinen, joka rakasti herkuttelua.<br><\/h5>\n\n\n\n<p>Nuorempana tytt\u00f6n\u00e4 k\u00e4ytiin h\u00e4nen kanssaan AKT- tapahtumissa miss\u00e4 testattiin viehejuoksua, taakanvetoa ja n\u00e4yttelyit\u00e4kin muutamasti. Chili tykk\u00e4si nuorempana kovasti my\u00f6s agilityst\u00e4.<\/p>\n\n\n\n<p>Chilill\u00e4 puhkesi 2-vuotiaana paha siitep\u00f6lyallergia, joka saatiin kuriin joka kev\u00e4isell\u00e4 Apoquel- kuurilla. Kuuria Chili s\u00f6i aina maaliskuusta hein\u00e4kuuhun. Chilill\u00e4 oli my\u00f6s ruoka-aineallergioita, jotka pysyiv\u00e4t oikealla ruokavaliolla kurissa.<br><\/p>\n\n\n\n<p>13,5-vuotiaana Chili oli jo l\u00e4hes kuuro ja kaihikin vaivasi, mutta virke\u00e4 ja leikkis\u00e4 vanha rouva loppuun asti kunhan sai tarpeeksi usein ottaa l\u00e4mp\u00f6isen peiton p\u00e4\u00e4ll\u00e4 torkkuja. Valitettavasti t\u00e4m\u00e4 ihana muori on nyt siirtynyt ajasta ikuisuuteen \ud83e\udd0d<\/p>\n\n\n\n<p><\/p>\n\n\n\n<p>Teksti Dalla Hankala<\/p>\n","protected":false},"excerpt":{"rendered":"<p>(kuvat tulee my\u00f6hemmin) Chili (Senefi\u2019s Inky Cayanne 9.3.2009) muutti meille vuonna 2009 Helsingist\u00e4, Emma Mussalolta. Chili tuli alunperin sijoitukseen, mutta pentusuunnitelmat tyss\u00e4si vakavaan kohtutulehdukseen ja n\u00e4in kohdunpoistoon. Chili oli maailman kuuliaisin ja miellytt\u00e4mishaluisin koira, johon olen t\u00f6rm\u00e4nnyt. My\u00f6s eritt\u00e4in koira- ja ihmisl\u00e4heinen, joka rakasti herkuttelua. Nuorempana tytt\u00f6n\u00e4 k\u00e4ytiin h\u00e4nen kanssaan AKT- tapahtumissa miss\u00e4 testattiin viehejuoksua, [&hellip;]<\/p>\n","protected":false},"author":3,"featured_media":0,"parent":0,"menu_order":0,"comment_status":"closed","ping_status":"closed","template":"","meta":{"site-sidebar-layout":"default","site-content-layout":"","ast-site-content-layout":"default","site-content-style":"default","site-sidebar-style":"default","ast-global-header-display":"","ast-banner-title-visibility":"","ast-main-header-display":"","ast-hfb-above-header-display":"","ast-hfb-below-header-display":"","ast-hfb-mobile-header-display":"","site-post-title":"","ast-breadcrumbs-content":"","ast-featured-img":"","footer-sml-layout":"","theme-transparent-header-meta":"","adv-header-id-meta":"","stick-header-meta":"","header-above-stick-meta":"","header-main-stick-meta":"","header-below-stick-meta":"","astra-migrate-meta-layouts":"default","ast-page-background-enabled":"default","ast-page-background-meta":{"desktop":{"background-color":"var(--ast-global-color-4)","background-image":"","background-repeat":"repeat","background-position":"center center","background-size":"auto","background-attachment":"scroll","background-type":"","background-media":"","overlay-type":"","overlay-color":"","overlay-opacity":"","overlay-gradient":""},"tablet":{"background-color":"","background-image":"","background-repeat":"repeat","background-position":"center center","background-size":"auto","background-attachment":"scroll","background-type":"","background-media":"","overlay-type":"","overlay-color":"","overlay-opacity":"","overlay-gradient":""},"mobile":{"background-color":"","background-image":"","background-repeat":"repeat","background-position":"center center","background-size":"auto","background-attachment":"scroll","background-type":"","background-media":"","overlay-type":"","overlay-color":"","overlay-opacity":"","overlay-gradient":""}},"ast-content-background-meta":{"desktop":{"background-color":"var(--ast-global-color-5)","background-image":"","background-repeat":"repeat","background-position":"center center","background-size":"auto","background-attachment":"scroll","background-type":"","background-media":"","overlay-type":"","overlay-color":"","overlay-opacity":"","overlay-gradient":""},"tablet":{"background-color":"var(--ast-global-color-5)","background-image":"","background-repeat":"repeat","background-position":"center center","background-size":"auto","background-attachment":"scroll","background-type":"","background-media":"","overlay-type":"","overlay-color":"","overlay-opacity":"","overlay-gradient":""},"mobile":{"background-color":"var(--ast-global-color-5)","background-image":"","background-repeat":"repeat","background-position":"center center","background-size":"auto","background-attachment":"scroll","background-type":"","background-media":"","overlay-type":"","overlay-color":"","overlay-opacity":"","overlay-gradient":""}},"footnotes":""},"class_list":["post-1208","page","type-page","status-publish","hentry"],"_links":{"self":[{"href":"https:\/\/xn--amerikankpikettuterrieri-ybca20c.fi\/index.php\/wp-json\/wp\/v2\/pages\/1208","targetHints":{"allow":["GET"]}}],"collection":[{"href":"https:\/\/xn--amerikankpikettuterrieri-ybca20c.fi\/index.php\/wp-json\/wp\/v2\/pages"}],"about":[{"href":"https:\/\/xn--amerikankpikettuterrieri-ybca20c.fi\/index.php\/wp-json\/wp\/v2\/types\/page"}],"author":[{"embeddable":true,"href":"https:\/\/xn--amerikankpikettuterrieri-ybca20c.fi\/index.php\/wp-json\/wp\/v2\/users\/3"}],"replies":[{"embeddable":true,"href":"https:\/\/xn--amerikankpikettuterrieri-ybca20c.fi\/index.php\/wp-json\/wp\/v2\/comments?post=1208"}],"version-history":[{"count":11,"href":"https:\/\/xn--amerikankpikettuterrieri-ybca20c.fi\/index.php\/wp-json\/wp\/v2\/pages\/1208\/revisions"}],"predecessor-version":[{"id":1327,"href":"https:\/\/xn--amerikankpikettuterrieri-ybca20c.fi\/index.php\/wp-json\/wp\/v2\/pages\/1208\/revisions\/1327"}],"wp:attachment":[{"href":"https:\/\/xn--amerikankpikettuterrieri-ybca20c.fi\/index.php\/wp-json\/wp\/v2\/media?parent=1208"}],"curies":[{"name":"wp","href":"https:\/\/api.w.org\/{rel}","templated":true}]}}