{"id":1122,"date":"2022-09-13T14:56:47","date_gmt":"2022-09-13T12:56:47","guid":{"rendered":"https:\/\/xn--amerikankpikettuterrieri-ybca20c.fi\/?page_id=1122"},"modified":"2022-11-15T19:43:31","modified_gmt":"2022-11-15T17:43:31","slug":"pie","status":"publish","type":"page","link":"https:\/\/xn--amerikankpikettuterrieri-ybca20c.fi\/index.php\/pie\/","title":{"rendered":"Pie"},"content":{"rendered":"\n<p>Hei vaan kaikki, t\u00e4ss\u00e4 kirjoittelee Pie. Tai onhan minulla oikein hienokin nimi \u201dUltra Quest Pie Bourier\u201d. Lenn\u00e4hdin Amsterdamista t\u00e4nne Suomeen alkuvuonna 2017. \u00c4itini on USA:sta Hollantiin muuttanut Pip (Ultra Quest Pip Bourier) ja is\u00e4ni USAsta t\u00e4nne Suomeen muuttanut Indy (Icefox Senefi Fly Up High Indy). Ihan t\u00e4ss\u00e4 tuntee itsens\u00e4 maailmankansalaiseksi.<\/p>\n\n\n\n<figure class=\"wp-block-gallery has-nested-images columns-default is-cropped wp-block-gallery-1 is-layout-flex wp-block-gallery-is-layout-flex\">\n<figure class=\"wp-block-image size-large\"><img loading=\"lazy\" decoding=\"async\" width=\"768\" height=\"1024\" data-id=\"1129\" src=\"https:\/\/xn--amerikankpikettuterrieri-ybca20c.fi\/wp-content\/uploads\/2022\/09\/Pie_pallokoira-768x1024.jpg\" alt=\"\" class=\"wp-image-1129\" srcset=\"https:\/\/xn--amerikankpikettuterrieri-ybca20c.fi\/wp-content\/uploads\/2022\/09\/Pie_pallokoira-768x1024.jpg 768w, https:\/\/xn--amerikankpikettuterrieri-ybca20c.fi\/wp-content\/uploads\/2022\/09\/Pie_pallokoira-225x300.jpg 225w, https:\/\/xn--amerikankpikettuterrieri-ybca20c.fi\/wp-content\/uploads\/2022\/09\/Pie_pallokoira-1152x1536.jpg 1152w, https:\/\/xn--amerikankpikettuterrieri-ybca20c.fi\/wp-content\/uploads\/2022\/09\/Pie_pallokoira-1536x2048.jpg 1536w, https:\/\/xn--amerikankpikettuterrieri-ybca20c.fi\/wp-content\/uploads\/2022\/09\/Pie_pallokoira-scaled.jpg 1920w\" sizes=\"auto, (max-width: 768px) 100vw, 768px\" \/><\/figure>\n\n\n\n<figure class=\"wp-block-image size-large\"><img loading=\"lazy\" decoding=\"async\" width=\"850\" height=\"1024\" data-id=\"1128\" src=\"https:\/\/xn--amerikankpikettuterrieri-ybca20c.fi\/wp-content\/uploads\/2022\/09\/Pie_hammaspesulla-850x1024.jpg\" alt=\"\" class=\"wp-image-1128\" srcset=\"https:\/\/xn--amerikankpikettuterrieri-ybca20c.fi\/wp-content\/uploads\/2022\/09\/Pie_hammaspesulla-850x1024.jpg 850w, https:\/\/xn--amerikankpikettuterrieri-ybca20c.fi\/wp-content\/uploads\/2022\/09\/Pie_hammaspesulla-249x300.jpg 249w, https:\/\/xn--amerikankpikettuterrieri-ybca20c.fi\/wp-content\/uploads\/2022\/09\/Pie_hammaspesulla-768x925.jpg 768w, https:\/\/xn--amerikankpikettuterrieri-ybca20c.fi\/wp-content\/uploads\/2022\/09\/Pie_hammaspesulla-1275x1536.jpg 1275w, https:\/\/xn--amerikankpikettuterrieri-ybca20c.fi\/wp-content\/uploads\/2022\/09\/Pie_hammaspesulla-1700x2048.jpg 1700w\" sizes=\"auto, (max-width: 850px) 100vw, 850px\" \/><\/figure>\n\n\n\n<figure class=\"wp-block-image size-large\"><img loading=\"lazy\" decoding=\"async\" width=\"768\" height=\"1024\" data-id=\"1127\" src=\"https:\/\/xn--amerikankpikettuterrieri-ybca20c.fi\/wp-content\/uploads\/2022\/09\/Pie_poniohjastaja-768x1024.jpg\" alt=\"\" class=\"wp-image-1127\" srcset=\"https:\/\/xn--amerikankpikettuterrieri-ybca20c.fi\/wp-content\/uploads\/2022\/09\/Pie_poniohjastaja-768x1024.jpg 768w, https:\/\/xn--amerikankpikettuterrieri-ybca20c.fi\/wp-content\/uploads\/2022\/09\/Pie_poniohjastaja-225x300.jpg 225w, https:\/\/xn--amerikankpikettuterrieri-ybca20c.fi\/wp-content\/uploads\/2022\/09\/Pie_poniohjastaja.jpg 1080w\" sizes=\"auto, (max-width: 768px) 100vw, 768px\" \/><\/figure>\n<\/figure>\n\n\n\n<p><br>Olen t\u00e4llainen perusterve ja hienoistahienoin tytt\u00f6. Harrastuksia minulla on l\u00e4hinn\u00e4 palloilu ja harakoiden &amp; varisten vahtiminen. Voin kertoa, ett\u00e4 n\u00e4ill\u00e4 tipuilla ei ole meid\u00e4n pihallemme mit\u00e4\u00e4n asiaa! Muuten tykk\u00e4\u00e4n paljon makoilla kotona peiton alla. Siell\u00e4 on niin kivaa ja l\u00e4mmint\u00e4, koittakaa joskus! K\u00e4rp\u00e4si\u00e4 ja muita lent\u00e4vi\u00e4 v\u00e4h\u00e4n kauhistelen. Ei niist\u00e4 koskaan tied\u00e4! Ja jos johonkin tielle on tullut jotain uutta ja pelottavaa, kuten mutam\u00f6ykky, talvella sellainen valaistu jouluporo ja joskus jopa kuivunut lehti. Niille pit\u00e4\u00e4 v\u00e4h\u00e4n murista, jotta osaavat olla. Ai niin, k\u00e4vin min\u00e4 kerran jossain kauneuskilpailussakin. Siell\u00e4 amat\u00f6\u00f6ripunnitsija katsoi, ett\u00e4 olin muutaman gramman ylipainoinen, joten sellaisiin hommiin en en\u00e4\u00e4 l\u00e4hde. Naisilla saa olla v\u00e4h\u00e4n muotoja! Ai niin ja olisihan se pannan voinut ottaa pois kaulasta. No se siit\u00e4, palloilen mieluummin.<br><br>Olen v\u00e4h\u00e4n tarkka tietyist\u00e4 jutuista. Naisten kanssa ulkoilen. Miehet voi tulla mukaan, mutta yksin en niiden kanssa oikein v\u00e4lit\u00e4 l\u00e4hte\u00e4, vaan pist\u00e4n jarrut p\u00e4\u00e4lle heti kotipihalla, jos en ole ehtinyt s\u00e4ngyn alle piiloon. Ja sateella en v\u00e4lit\u00e4 ulkoilla kenenk\u00e4\u00e4n kanssa, ja jos ulkoilen, niin ulkoilen syliss\u00e4 ja k\u00e4velen pakotettuna kotiinp\u00e4in. Pallonheitto kuuluu taas suurimmaksi osaksi miehille, my\u00f6s lumipallot on ok. Mutta palloiluissakin paikalla pit\u00e4\u00e4 olla kaksi henkil\u00f6\u00e4, joista toisen pit\u00e4\u00e4 katsoa. Jos toinen l\u00e4htee pois, niin menen m\u00f6k\u00f6tt\u00e4m\u00e4\u00e4n. Ja mielipuuhiini kuuluu my\u00f6s autoilu. Ymm\u00e4rr\u00e4n hyvin sanat \u201dmukaan\u201d ja \u201dauto\u201d. Kun n\u00e4m\u00e4 kuulen, niin alkaa sellainen huuto ja mekastus (hitsi se taidan olla min\u00e4), ett\u00e4 oksat pois. Kyll\u00e4 koko Jupperi kuulee, ett\u00e4 meik\u00e4 se l\u00e4htee autoilemaan. Tied\u00e4n, ett\u00e4 en saisi olla etupenkill\u00e4, enk\u00e4 varsinkaan ilman turvavy\u00f6t\u00e4, mutta meill\u00e4 on taidettu jo luovuttaa sen suhteen. Ja ihan siskon koulunhakureissuja vaan, ei minnek\u00e4\u00e4n pidemm\u00e4lle n\u00e4in l\u00e4hdet\u00e4. Silloin joudun ihan takapenkill\u00e4 matkustamaan, tyls\u00e4\u00e4. Ja olen my\u00f6s nopea tytt\u00f6 oppimaan, jos palkkio on tiedossa! Sanoja osaan paljon muitakin kuin auto ja mukaan; herkku, pupu, pum, hypp\u00e4\u00e4, maahan, pallo, odota, j\u00e4t\u00e4, istu, ulos\u2026ja vaikka mit\u00e4 muitakin. Fiksu olen, eik\u00f6s vaan!<\/p>\n\n\n\n<figure class=\"wp-block-image alignright size-large is-resized is-style-rounded\"><img loading=\"lazy\" decoding=\"async\" src=\"https:\/\/xn--amerikankpikettuterrieri-ybca20c.fi\/wp-content\/uploads\/2022\/09\/Pie_kukkaistytto-703x1024.jpg\" alt=\"\" class=\"wp-image-1132\" width=\"208\" height=\"303\" srcset=\"https:\/\/xn--amerikankpikettuterrieri-ybca20c.fi\/wp-content\/uploads\/2022\/09\/Pie_kukkaistytto-703x1024.jpg 703w, https:\/\/xn--amerikankpikettuterrieri-ybca20c.fi\/wp-content\/uploads\/2022\/09\/Pie_kukkaistytto-206x300.jpg 206w, https:\/\/xn--amerikankpikettuterrieri-ybca20c.fi\/wp-content\/uploads\/2022\/09\/Pie_kukkaistytto-768x1118.jpg 768w, https:\/\/xn--amerikankpikettuterrieri-ybca20c.fi\/wp-content\/uploads\/2022\/09\/Pie_kukkaistytto-1055x1536.jpg 1055w, https:\/\/xn--amerikankpikettuterrieri-ybca20c.fi\/wp-content\/uploads\/2022\/09\/Pie_kukkaistytto-1407x2048.jpg 1407w, https:\/\/xn--amerikankpikettuterrieri-ybca20c.fi\/wp-content\/uploads\/2022\/09\/Pie_kukkaistytto-scaled.jpg 1758w\" sizes=\"auto, (max-width: 208px) 100vw, 208px\" \/><\/figure>\n\n\n\n<p>Muista lajitovereista en niin v\u00e4lit\u00e4. Tunkevat vaan nen\u00e4\u00e4ns\u00e4 joka paikkaan. Paitsi toki silloin, kun on \u201dse\u201d aika vuodesta. Silloin naapurin karvainen Elmo (joku lagotto) muuttuu <br>todella hurmaavaksi. <br>T\u00e4n\u00e4 kes\u00e4n\u00e4 n\u00e4ps\u00e4kk\u00e4 min\u00e4 se kaivauduin naapuriin aidan ali. Harmi kun siell\u00e4 oli Elmolla vahti paikalla, joten j\u00e4i kaikki hauskuus kokematta.<br>Siit\u00e4 p\u00e4\u00e4st\u00e4\u00e4nkin arkaan aiheeseen \u2013 pennuttomuus! <br>Ja t\u00e4st\u00e4 syyt\u00e4n idioottimaista byrokratiaa! Koska olen syntynyt Hollannissa, mik\u00e4 ei tuolloin viel\u00e4 tunnistanut t\u00e4t\u00e4 hienoa rotua, on minut pit\u00e4nyt rekister\u00f6id\u00e4 USA:ssa johonkin B-tyyppien rekisteriin. Sen vuoksi kukaan ei minua t\u00e4\u00e4ll\u00e4 halunnut vauvahommiin ja se siit\u00e4. Kyll\u00e4 meill\u00e4 yritettiin vaikka mit\u00e4 kautta niit\u00e4 papereita hoitaa, mutta turha vaiva oli se. Kuitenkin my\u00f6hemmin samasta yhdistelm\u00e4st\u00e4 syntyneet siskoni ovat paperinsa saaneet, ep\u00e4reilu on t\u00e4m\u00e4 koiramaailma! Nyt j\u00e4\u00e4 t\u00e4m\u00e4 upea rotu ilman minun ihania j\u00e4lkel\u00e4isi\u00e4ni.<\/p>\n\n\n\n<p><\/p>\n\n\n\n<p>T\u00e4ss\u00e4 pieni tarina itsest\u00e4ni. Nyt taidan jatkaa tirsojani.<br>t. Pie<\/p>\n\n\n\n<p><\/p>\n\n\n\n<p>Kuvat ja teksti Leila V\u00e4h\u00e4nen<\/p>\n","protected":false},"excerpt":{"rendered":"<p>Hei vaan kaikki, t\u00e4ss\u00e4 kirjoittelee Pie. Tai onhan minulla oikein hienokin nimi \u201dUltra Quest Pie Bourier\u201d. Lenn\u00e4hdin Amsterdamista t\u00e4nne Suomeen alkuvuonna 2017. \u00c4itini on USA:sta Hollantiin muuttanut Pip (Ultra Quest Pip Bourier) ja is\u00e4ni USAsta t\u00e4nne Suomeen muuttanut Indy (Icefox Senefi Fly Up High Indy). Ihan t\u00e4ss\u00e4 tuntee itsens\u00e4 maailmankansalaiseksi. Olen t\u00e4llainen perusterve ja hienoistahienoin [&hellip;]<\/p>\n","protected":false},"author":3,"featured_media":0,"parent":0,"menu_order":0,"comment_status":"closed","ping_status":"closed","template":"","meta":{"site-sidebar-layout":"default","site-content-layout":"","ast-site-content-layout":"default","site-content-style":"default","site-sidebar-style":"default","ast-global-header-display":"","ast-banner-title-visibility":"","ast-main-header-display":"","ast-hfb-above-header-display":"","ast-hfb-below-header-display":"","ast-hfb-mobile-header-display":"","site-post-title":"","ast-breadcrumbs-content":"","ast-featured-img":"","footer-sml-layout":"","theme-transparent-header-meta":"","adv-header-id-meta":"","stick-header-meta":"","header-above-stick-meta":"","header-main-stick-meta":"","header-below-stick-meta":"","astra-migrate-meta-layouts":"default","ast-page-background-enabled":"default","ast-page-background-meta":{"desktop":{"background-color":"var(--ast-global-color-4)","background-image":"","background-repeat":"repeat","background-position":"center center","background-size":"auto","background-attachment":"scroll","background-type":"","background-media":"","overlay-type":"","overlay-color":"","overlay-opacity":"","overlay-gradient":""},"tablet":{"background-color":"","background-image":"","background-repeat":"repeat","background-position":"center center","background-size":"auto","background-attachment":"scroll","background-type":"","background-media":"","overlay-type":"","overlay-color":"","overlay-opacity":"","overlay-gradient":""},"mobile":{"background-color":"","background-image":"","background-repeat":"repeat","background-position":"center center","background-size":"auto","background-attachment":"scroll","background-type":"","background-media":"","overlay-type":"","overlay-color":"","overlay-opacity":"","overlay-gradient":""}},"ast-content-background-meta":{"desktop":{"background-color":"var(--ast-global-color-5)","background-image":"","background-repeat":"repeat","background-position":"center center","background-size":"auto","background-attachment":"scroll","background-type":"","background-media":"","overlay-type":"","overlay-color":"","overlay-opacity":"","overlay-gradient":""},"tablet":{"background-color":"var(--ast-global-color-5)","background-image":"","background-repeat":"repeat","background-position":"center center","background-size":"auto","background-attachment":"scroll","background-type":"","background-media":"","overlay-type":"","overlay-color":"","overlay-opacity":"","overlay-gradient":""},"mobile":{"background-color":"var(--ast-global-color-5)","background-image":"","background-repeat":"repeat","background-position":"center center","background-size":"auto","background-attachment":"scroll","background-type":"","background-media":"","overlay-type":"","overlay-color":"","overlay-opacity":"","overlay-gradient":""}},"footnotes":""},"class_list":["post-1122","page","type-page","status-publish","hentry"],"_links":{"self":[{"href":"https:\/\/xn--amerikankpikettuterrieri-ybca20c.fi\/index.php\/wp-json\/wp\/v2\/pages\/1122","targetHints":{"allow":["GET"]}}],"collection":[{"href":"https:\/\/xn--amerikankpikettuterrieri-ybca20c.fi\/index.php\/wp-json\/wp\/v2\/pages"}],"about":[{"href":"https:\/\/xn--amerikankpikettuterrieri-ybca20c.fi\/index.php\/wp-json\/wp\/v2\/types\/page"}],"author":[{"embeddable":true,"href":"https:\/\/xn--amerikankpikettuterrieri-ybca20c.fi\/index.php\/wp-json\/wp\/v2\/users\/3"}],"replies":[{"embeddable":true,"href":"https:\/\/xn--amerikankpikettuterrieri-ybca20c.fi\/index.php\/wp-json\/wp\/v2\/comments?post=1122"}],"version-history":[{"count":52,"href":"https:\/\/xn--amerikankpikettuterrieri-ybca20c.fi\/index.php\/wp-json\/wp\/v2\/pages\/1122\/revisions"}],"predecessor-version":[{"id":1242,"href":"https:\/\/xn--amerikankpikettuterrieri-ybca20c.fi\/index.php\/wp-json\/wp\/v2\/pages\/1122\/revisions\/1242"}],"wp:attachment":[{"href":"https:\/\/xn--amerikankpikettuterrieri-ybca20c.fi\/index.php\/wp-json\/wp\/v2\/media?parent=1122"}],"curies":[{"name":"wp","href":"https:\/\/api.w.org\/{rel}","templated":true}]}}